{"id":659,"date":"2021-10-06T22:53:05","date_gmt":"2021-10-06T18:53:05","guid":{"rendered":"https:\/\/ivechile.com\/?page_id=659"},"modified":"2025-06-13T06:13:15","modified_gmt":"2025-06-13T02:13:15","slug":"ciclotour-haciendas-de-vallenar","status":"publish","type":"page","link":"https:\/\/ivechile.com\/en\/ciclotour-haciendas-de-vallenar\/","title":{"rendered":"Ciclotour-haciendas-de-vallenar"},"content":{"rendered":"<p>[et_pb_section fb_built=&#8221;1&#8243; fullwidth=&#8221;on&#8221; admin_label=&#8221;Hero Section&#8221; _builder_version=&#8221;4.16&#8243; background_color=&#8221;#233b4e&#8221; background_enable_image=&#8221;off&#8221; parallax=&#8221;on&#8221; custom_padding=&#8221;0px|0px|0px|0px&#8221; global_colors_info=&#8221;{}&#8221;][et_pb_fullwidth_header title=&#8221;Ciclotour Haciendas de vallenar&#8221; header_fullscreen=&#8221;on&#8221; background_overlay_color=&#8221;rgba(29,38,51,0.7)&#8221; content_max_width=&#8221;700px&#8221; admin_label=&#8221;Hero&#8221; _builder_version=&#8221;4.27.4&#8243; title_font=&#8221;Oswald|on||on|&#8221; title_font_size=&#8221;54px&#8221; title_line_height=&#8221;1.3em&#8221; content_font=&#8221;Roboto||||&#8221; content_font_size=&#8221;20px&#8221; background_color=&#8221;rgba(255, 255, 255, 0)&#8221; background_image=&#8221;https:\/\/ivechile.com\/wp-content\/uploads\/2025\/05\/HD-Haciendas-de-Vallenar-11.jpg&#8221; custom_button_one=&#8221;on&#8221; button_one_border_radius=&#8221;0px&#8221; button_one_letter_spacing=&#8221;4px&#8221; button_one_font=&#8221;Oswald|on||on|&#8221; button_one_icon=&#8221;&#x24;||divi||400&#8243; button_one_icon_color=&#8221;#ffffff&#8221; animation_style=&#8221;zoom&#8221; animation_direction=&#8221;bottom&#8221; animation_intensity_zoom=&#8221;4%&#8221; button_one_text_color_hover=&#8221;#ffffff&#8221; button_one_border_color_hover=&#8221;#ffffff&#8221; button_one_border_radius_hover=&#8221;0px&#8221; button_one_letter_spacing_hover=&#8221;4px&#8221; button_one_bg_color_hover=&#8221;rgba(0,0,0,0)&#8221; global_colors_info=&#8221;{}&#8221; button_one_text_size__hover_enabled=&#8221;off&#8221; button_two_text_size__hover_enabled=&#8221;off&#8221; button_one_text_color__hover_enabled=&#8221;on&#8221; button_one_text_color__hover=&#8221;#ffffff&#8221; button_two_text_color__hover_enabled=&#8221;off&#8221; button_one_border_width__hover_enabled=&#8221;off&#8221; button_two_border_width__hover_enabled=&#8221;off&#8221; button_one_border_color__hover_enabled=&#8221;on&#8221; button_one_border_color__hover=&#8221;#ffffff&#8221; button_two_border_color__hover_enabled=&#8221;off&#8221; button_one_border_radius__hover_enabled=&#8221;on&#8221; button_one_border_radius__hover=&#8221;0px&#8221; button_two_border_radius__hover_enabled=&#8221;off&#8221; button_one_letter_spacing__hover_enabled=&#8221;on&#8221; button_one_letter_spacing__hover=&#8221;4px&#8221; button_two_letter_spacing__hover_enabled=&#8221;off&#8221; button_one_bg_color__hover_enabled=&#8221;on&#8221; button_one_bg_color__hover=&#8221;rgba(0,0,0,0)&#8221; button_two_bg_color__hover_enabled=&#8221;off&#8221;]<\/p>\n<div data-pm-slice=\"1 1 []\" data-en-clipboard=\"true\">\n<div data-pm-slice=\"1 1 []\" data-en-clipboard=\"true\"><span>Medio D\u00eda (2 \u2013 8 participantes) <\/span><\/div>\n<div data-pm-slice=\"1 1 []\" data-en-clipboard=\"true\"><span><span>Temporada: <\/span><\/span><span style=\"font-size: 20px;\">Posible durante todo el a\u00f1o<\/span><\/div>\n<\/div>\n<div><\/div>\n<p>[\/et_pb_fullwidth_header][\/et_pb_section][et_pb_section fb_built=&#8221;1&#8243; _builder_version=&#8221;4.16&#8243; background_color=&#8221;#FFFFFF&#8221; custom_padding=&#8221;110px||45px|||&#8221; global_colors_info=&#8221;{}&#8221;][et_pb_row column_structure=&#8221;1_2,1_2&#8243; _builder_version=&#8221;4.16&#8243; global_colors_info=&#8221;{}&#8221;][et_pb_column type=&#8221;1_2&#8243; _builder_version=&#8221;4.16&#8243; custom_padding=&#8221;|||&#8221; global_colors_info=&#8221;{}&#8221; custom_padding__hover=&#8221;|||&#8221;][et_pb_text admin_label=&#8221;Top Destination Title&#8221; _builder_version=&#8221;4.16&#8243; text_font=&#8221;||||&#8221; text_text_color=&#8221;#1a1a1a&#8221; header_font=&#8221;Oswald|on||on|&#8221; header_text_align=&#8221;left&#8221; header_font_size=&#8221;48px&#8221; header_line_height=&#8221;1.3em&#8221; custom_margin=&#8221;||1px|||&#8221; custom_padding=&#8221;|||&#8221; animation_style=&#8221;slide&#8221; animation_direction=&#8221;top&#8221; animation_intensity_slide=&#8221;10%&#8221; locked=&#8221;off&#8221; global_colors_info=&#8221;{}&#8221;]<\/p>\n<h1>CICLOTOUR HACIENDAS DE VALLENAR<\/h1>\n<p>[\/et_pb_text][et_pb_divider color=&#8221;#8e1735&#8243; divider_position=&#8221;center&#8221; divider_weight=&#8221;3px&#8221; disabled_on=&#8221;off|off|off&#8221; _builder_version=&#8221;4.16&#8243; max_width=&#8221;150px&#8221; height=&#8221;false&#8221; animation_style=&#8221;slide&#8221; animation_direction=&#8221;top&#8221; animation_delay=&#8221;100ms&#8221; animation_intensity_slide=&#8221;10%&#8221; locked=&#8221;off&#8221; global_colors_info=&#8221;{}&#8221;][\/et_pb_divider][et_pb_text admin_label=&#8221;Top Destination Sub Title&#8221; _builder_version=&#8221;4.16&#8243; text_font=&#8221;Roboto||||&#8221; text_text_color=&#8221;#333333&#8243; text_font_size=&#8221;24px&#8221; text_line_height=&#8221;1.4em&#8221; custom_margin=&#8221;-16px|||||&#8221; custom_padding=&#8221;3px|||||&#8221; animation_style=&#8221;slide&#8221; animation_direction=&#8221;top&#8221; animation_delay=&#8221;200ms&#8221; animation_intensity_slide=&#8221;10%&#8221; locked=&#8221;off&#8221; global_colors_info=&#8221;{}&#8221;]<\/p>\n<div data-pm-slice=\"1 1 []\" data-en-clipboard=\"true\"><b style=\"font-size: 24px;\">Haciendas de Vallenar<\/b><\/div>\n<div data-pm-slice=\"1 1 []\" data-en-clipboard=\"true\"><b style=\"font-size: 24px;\">Duraci\u00f3n:\u00a0 Medio D\u00eda<\/b><\/div>\n<p>[\/et_pb_text][et_pb_image src=&#8221;https:\/\/ivechile.com\/wp-content\/uploads\/2025\/05\/hacienda-2.png&#8221; title_text=&#8221;hacienda 2&#8243; disabled_on=&#8221;on|on|off&#8221; _builder_version=&#8221;4.27.4&#8243; _module_preset=&#8221;default&#8221; global_colors_info=&#8221;{}&#8221;][\/et_pb_image][\/et_pb_column][et_pb_column type=&#8221;1_2&#8243; _builder_version=&#8221;4.16&#8243; custom_padding=&#8221;|||&#8221; global_colors_info=&#8221;{}&#8221; custom_padding__hover=&#8221;|||&#8221;][et_pb_accordion open_toggle_text_color=&#8221;#333333&#8243; open_toggle_background_color=&#8221;#FFFFFF&#8221; closed_toggle_background_color=&#8221;#FFFFFF&#8221; _builder_version=&#8221;4.16&#8243; _module_preset=&#8221;default&#8221; toggle_font=&#8221;Roboto|700|||||||&#8221; border_radii=&#8221;on|16px|16px|16px|16px&#8221; box_shadow_style=&#8221;preset3&#8243; global_colors_info=&#8221;{}&#8221;][et_pb_accordion_item title=&#8221;Ciclotour Haciendas de Vallenar&#8221; _builder_version=&#8221;4.16&#8243; _module_preset=&#8221;default&#8221; global_colors_info=&#8221;{}&#8221; open=&#8221;off&#8221;]<\/p>\n<div data-pm-slice=\"1 1 []\" data-en-clipboard=\"true\">\n<div data-pm-slice=\"1 1 []\" data-en-clipboard=\"true\">\n<div data-pm-slice=\"1 1 []\" data-en-clipboard=\"true\"><span>Salimos pedaleando desde la capital provincial. Pasamos por el antiguo puente que formaba parte de la Ruta 5 norte y desde el cual tenemos una vista panor\u00e1mica sobre el Valle y la ciudad. En la salida sur de Vallenar nos metemos en los sectores des\u00e9rticos de las afueras de la ciudad y a pesar de la aridez del entorno, nos encontramos con campos tradicionalmente agr\u00edcola gracias a los sistemas de canales de riego y los estanques de almacenamiento de agua ingeniados por los antiguos hacenderos. Cicleteamos por los sectores de las antiguas Haciendas Compa\u00f1\u00eda y Buena Esperanza y sus actuales cultivos de frutas y hortalizas as\u00ed como sus poblados rurales y muy probablemente nos encontramos con algunas cabras o vacas en nuestro camino. Para volver hac\u00eda la ciudad debemos pedalear un tramo por la ruta principal que une Vallenar con Huasco antes de doblar hac\u00eda el pueblito de Perales Viejos donde cruzamos el R\u00edo Huasco y tomamos un camino rural que acompa\u00f1a al r\u00edo. En este sector nos encontramos con vegetaci\u00f3n nativa y con un poco de suerte podemos observar distintas especies de avifauna<\/span><\/div>\n<div><\/div>\n<div><\/div>\n<div><\/div>\n<div><\/div>\n<\/div>\n<\/div>\n<p>[\/et_pb_accordion_item][et_pb_accordion_item title=&#8221;Informaci\u00f3n General&#8221; _builder_version=&#8221;4.16&#8243; _module_preset=&#8221;default&#8221; global_colors_info=&#8221;{}&#8221; open=&#8221;off&#8221;]<\/p>\n<div data-pm-slice=\"1 1 []\" data-en-clipboard=\"true\">\n<div data-pm-slice=\"1 1 []\" data-en-clipboard=\"true\">\n<div data-pm-slice=\"1 1 []\" data-en-clipboard=\"true\"><b><span><u>Grado dificultad:<\/u><\/span><span>\u00a0 \u00a0<\/span><\/b>mediano<\/div>\n<div><\/div>\n<div><b><span><u>Capacidad:<\/u><\/span><span> \u00a0<\/span><\/b>2 &#8211; 8 participantes<\/div>\n<div><\/div>\n<div><b><span><u>Temporada:<\/u><\/span><span>\u00a0 <\/span><\/b>posible durante todo el a\u00f1o<\/div>\n<div><\/div>\n<div><b><span><u>Itinerario: <\/u><\/span><\/b>Vallenar &#8211; Hacienda Compa\u00f1\u00eda &#8211; Hacienda Buena Esperanza &#8211; Perales Viejos &#8211; Vallenar<\/div>\n<div><\/div>\n<div><\/div>\n<\/div>\n<\/div>\n<p>[\/et_pb_accordion_item][et_pb_accordion_item title=&#8221;Debes Saber&#8221; _builder_version=&#8221;4.16&#8243; _module_preset=&#8221;default&#8221; global_colors_info=&#8221;{}&#8221; open=&#8221;off&#8221;]<\/p>\n<div data-pm-slice=\"1 1 []\" data-en-clipboard=\"true\">\n<div data-pm-slice=\"1 1 []\" data-en-clipboard=\"true\">\n<div data-pm-slice=\"1 1 []\" data-en-clipboard=\"true\">\n<div data-pm-slice=\"1 1 []\" data-en-clipboard=\"true\">\n<div data-pm-slice=\"1 1 []\" data-en-clipboard=\"true\"><b><span><u>Tour incluye:<\/u><\/span><span>\u00a0 \u00a0<\/span><\/b>Gu\u00eda de habla espa\u00f1ol, charla introducci\u00f3n, mountainbike, equipamiento (casco, bomb\u00edn, kit de arreglos b\u00e1sicos), snack, agua para beber, botiqu\u00edn<\/div>\n<div><\/div>\n<div><span><u>Opcional (valor adicional):<\/u><\/span><\/div>\n<div><\/div>\n<ul>\n<li>\n<div>Gu\u00eda de habla ingl\u00e9s o alem\u00e1n<\/div>\n<\/li>\n<\/ul>\n<div><\/div>\n<div><b><span><u>Tour NO incluye:<\/u><\/span><span>\u00a0 \u00a0<\/span><\/b>seguro, otros alimentos que los mencionados, protecci\u00f3n solar<\/div>\n<div><\/div>\n<div><strong>Debes llevar:<\/strong><\/div>\n<div>\n<ul>\n<li>\n<div>Ropa y zapatos adecuados para andar en bicicleta<\/div>\n<\/li>\n<li>\n<div>Mochila chica<\/div>\n<\/li>\n<li>\n<div>Protecci\u00f3n solar como gorro, lentes, bloqueador<\/div>\n<\/li>\n<\/ul>\n<div margintop=\"15\" marginbottom=\"15\"><span style=\"font-size: small;\"><strong>Notas<\/strong>:<\/span><\/div>\n<ul>\n<li><span style=\"font-size: small;\">Rango de edad permitida: 12 \u2013 70 a\u00f1os<\/span><\/li>\n<li><span style=\"font-size: small;\">Actividad no apta para mujeres embarazadas, personas con limitaci\u00f3n en su movilidad, personas con\u00a0problemas respiratorias o card\u00edacas, personas con problemas en sus rodillas.<\/span><\/li>\n<li><span style=\"font-size: small;\">Cualquier restricci\u00f3n en la salud de un participante debe ser informada con antelaci\u00f3n.<\/span><\/li>\n<li><span style=\"font-size: small;\">Los participantes deben saber andar en bicicleta y ser capaces de acatar las instrucciones del gu\u00eda<\/span><\/li>\n<li><span style=\"font-size: small;\">Cada participante debe llenar una ficha de inscripci\u00f3n y aceptaci\u00f3n de riesgos antes del inicio de la actividad<\/span><\/li>\n<\/ul>\n<\/div>\n<\/div>\n<\/div>\n<\/div>\n<\/div>\n<p>[\/et_pb_accordion_item][et_pb_accordion_item title=&#8221;Valores&#8221; open=&#8221;on&#8221; _builder_version=&#8221;4.16&#8243; _module_preset=&#8221;default&#8221; global_colors_info=&#8221;{}&#8221;]<\/p>\n<div data-pm-slice=\"1 1 []\" data-en-clipboard=\"true\"><\/div>\n<div data-pm-slice=\"1 1 []\" data-en-clipboard=\"true\">\n<div data-pm-slice=\"1 1 []\" data-en-clipboard=\"true\">\n<div>\n<div marginbottom=\"15\" data-pm-slice=\"1 1 []\" data-en-clipboard=\"true\"><b><span>Valor por persona<\/span>\u00a0<span>IVA incl.: <\/span><\/b><\/div>\n<div marginbottom=\"15\" data-pm-slice=\"1 1 []\" data-en-clipboard=\"true\">2 participantes: $ 46.000<\/div>\n<div marginbottom=\"15\" data-pm-slice=\"1 1 []\" data-en-clipboard=\"true\"><span style=\"font-size: 14px;\">3 participantes: $ 35.000<\/span><\/div>\n<div marginbottom=\"15\" data-pm-slice=\"1 1 []\" data-en-clipboard=\"true\"><span style=\"font-size: 14px;\"><\/span><\/div>\n<div marginbottom=\"15\" data-pm-slice=\"1 1 []\" data-en-clipboard=\"true\"><span style=\"font-size: 14px;\"><\/span><\/div>\n<div marginbottom=\"15\" data-pm-slice=\"1 1 []\" data-en-clipboard=\"true\"><span style=\"font-size: 14px;\"><\/span><\/div>\n<div marginbottom=\"15\" data-pm-slice=\"1 1 []\" data-en-clipboard=\"true\"><span style=\"font-size: 14px;\"><\/span><\/div>\n<div marginbottom=\"15\" data-pm-slice=\"1 1 []\" data-en-clipboard=\"true\"><span style=\"font-size: 14px;\"><\/span><\/div>\n<div marginbottom=\"15\" data-pm-slice=\"1 1 []\" data-en-clipboard=\"true\"><span style=\"font-size: 14px;\"><\/span><\/div>\n<div marginbottom=\"15\" data-pm-slice=\"1 1 []\" data-en-clipboard=\"true\"><span style=\"font-size: 14px;\"><\/span><\/div>\n<\/div>\n<\/div>\n<div><span><\/span><\/div>\n<div>\n<div marginbottom=\"15\" data-pm-slice=\"1 1 []\" data-en-clipboard=\"true\">4 a 8 participantes: $ 30.000<\/div>\n<div marginbottom=\"15\" data-pm-slice=\"1 1 []\" data-en-clipboard=\"true\"><\/div>\n<div marginbottom=\"15\" data-pm-slice=\"1 1 []\" data-en-clipboard=\"true\"><b><\/b><em><b> \u00a1\u00a1\u00a1 Los servicios son sujeto a disponibilidad en el momento de la reserva !!!\u00a0<\/b><\/em><\/div>\n<\/div>\n<div><span><\/span><\/div>\n<\/div>\n<p>[\/et_pb_accordion_item][\/et_pb_accordion][et_pb_button button_url=&#8221;https:\/\/wa.link\/n705ir&#8221; button_text=&#8221;RESERVAR&#8221; button_alignment=&#8221;left&#8221; _builder_version=&#8221;4.27.4&#8243; _module_preset=&#8221;default&#8221; custom_button=&#8221;on&#8221; button_text_color=&#8221;#FFFFFF&#8221; button_bg_color=&#8221;#8e1735&#8243; button_border_width=&#8221;0px&#8221; button_border_radius=&#8221;56px&#8221; button_font=&#8221;Roboto|700|||||||&#8221; global_colors_info=&#8221;{}&#8221;][\/et_pb_button][\/et_pb_column][\/et_pb_row][et_pb_row column_structure=&#8221;1_4,1_4,1_4,1_4&#8243; use_custom_gutter=&#8221;on&#8221; gutter_width=&#8221;1&#8243; make_equal=&#8221;on&#8221; admin_label=&#8221;Gallery&#8221; module_class=&#8221; et_pb_row_fullwidth&#8221; _builder_version=&#8221;4.16&#8243; width=&#8221;100%&#8221; width_tablet=&#8221;100%&#8221; width_phone=&#8221;&#8221; width_last_edited=&#8221;on|desktop&#8221; max_width=&#8221;100%&#8221; max_width_tablet=&#8221;100%&#8221; max_width_phone=&#8221;&#8221; max_width_last_edited=&#8221;on|desktop&#8221; custom_padding=&#8221;|||&#8221; make_fullwidth=&#8221;on&#8221; global_colors_info=&#8221;{}&#8221;][et_pb_column type=&#8221;1_4&#8243; _builder_version=&#8221;4.16&#8243; custom_padding=&#8221;|||&#8221; global_colors_info=&#8221;{}&#8221; custom_padding__hover=&#8221;|||&#8221;][et_pb_image src=&#8221;https:\/\/ivechile.com\/wp-content\/uploads\/2025\/05\/hacienda-5.png&#8221; title_text=&#8221;hacienda 5&#8243; show_in_lightbox=&#8221;on&#8221; force_fullwidth=&#8221;on&#8221; align_tablet=&#8221;center&#8221; align_phone=&#8221;&#8221; align_last_edited=&#8221;on|desktop&#8221; _builder_version=&#8221;4.27.4&#8243; animation_style=&#8221;zoom&#8221; animation_intensity_zoom=&#8221;10%&#8221; global_colors_info=&#8221;{}&#8221;][\/et_pb_image][\/et_pb_column][et_pb_column type=&#8221;1_4&#8243; _builder_version=&#8221;4.16&#8243; custom_padding=&#8221;|||&#8221; global_colors_info=&#8221;{}&#8221; custom_padding__hover=&#8221;|||&#8221;][et_pb_image src=&#8221;https:\/\/ivechile.com\/wp-content\/uploads\/2025\/05\/hacienda-4.png&#8221; title_text=&#8221;hacienda 4&#8243; show_in_lightbox=&#8221;on&#8221; force_fullwidth=&#8221;on&#8221; align_tablet=&#8221;center&#8221; align_phone=&#8221;&#8221; align_last_edited=&#8221;on|desktop&#8221; _builder_version=&#8221;4.27.4&#8243; animation_style=&#8221;zoom&#8221; animation_delay=&#8221;100ms&#8221; animation_intensity_zoom=&#8221;10%&#8221; locked=&#8221;off&#8221; global_colors_info=&#8221;{}&#8221;][\/et_pb_image][\/et_pb_column][et_pb_column type=&#8221;1_4&#8243; _builder_version=&#8221;4.16&#8243; custom_padding=&#8221;|||&#8221; global_colors_info=&#8221;{}&#8221; custom_padding__hover=&#8221;|||&#8221;][et_pb_image src=&#8221;https:\/\/ivechile.com\/wp-content\/uploads\/2025\/05\/hacienda-3.png&#8221; title_text=&#8221;hacienda 3&#8243; show_in_lightbox=&#8221;on&#8221; force_fullwidth=&#8221;on&#8221; align_tablet=&#8221;center&#8221; align_phone=&#8221;&#8221; align_last_edited=&#8221;on|desktop&#8221; _builder_version=&#8221;4.27.4&#8243; animation_style=&#8221;zoom&#8221; animation_delay=&#8221;200ms&#8221; animation_intensity_zoom=&#8221;10%&#8221; locked=&#8221;off&#8221; global_colors_info=&#8221;{}&#8221;][\/et_pb_image][\/et_pb_column][et_pb_column type=&#8221;1_4&#8243; _builder_version=&#8221;4.16&#8243; custom_padding=&#8221;|||&#8221; global_colors_info=&#8221;{}&#8221; custom_padding__hover=&#8221;|||&#8221;][et_pb_image src=&#8221;https:\/\/ivechile.com\/wp-content\/uploads\/2025\/05\/hacienda-1.png&#8221; title_text=&#8221;hacienda 1&#8243; show_in_lightbox=&#8221;on&#8221; force_fullwidth=&#8221;on&#8221; align_tablet=&#8221;center&#8221; align_phone=&#8221;&#8221; align_last_edited=&#8221;on|desktop&#8221; _builder_version=&#8221;4.27.4&#8243; animation_style=&#8221;zoom&#8221; animation_delay=&#8221;300ms&#8221; animation_intensity_zoom=&#8221;10%&#8221; locked=&#8221;off&#8221; global_colors_info=&#8221;{}&#8221;][\/et_pb_image][\/et_pb_column][\/et_pb_row][\/et_pb_section][et_pb_section fb_built=&#8221;1&#8243; _builder_version=&#8221;4.16&#8243; custom_padding=&#8221;2px||14px|||&#8221; global_colors_info=&#8221;{}&#8221;][et_pb_row _builder_version=&#8221;4.16&#8243; _module_preset=&#8221;default&#8221; global_colors_info=&#8221;{}&#8221;][et_pb_column type=&#8221;4_4&#8243; _builder_version=&#8221;4.16&#8243; _module_preset=&#8221;default&#8221; global_colors_info=&#8221;{}&#8221;][et_pb_button button_url=&#8221;https:\/\/ivechile.com\/actividades\/&#8221; button_text=&#8221;VOLVER A ACTIVIDADES&#8221; button_alignment=&#8221;center&#8221; _builder_version=&#8221;4.16&#8243; _module_preset=&#8221;default&#8221; custom_button=&#8221;on&#8221; button_text_color=&#8221;#FFFFFF&#8221; button_bg_color=&#8221;#8e1735&#8243; button_border_width=&#8221;0px&#8221; button_border_radius=&#8221;56px&#8221; button_font=&#8221;Roboto|700|||||||&#8221; global_colors_info=&#8221;{}&#8221;][\/et_pb_button][\/et_pb_column][\/et_pb_row][\/et_pb_section]<\/p>\n","protected":false},"excerpt":{"rendered":"<p>Medio D\u00eda (2 \u2013 8 participantes) Temporada: Posible durante todo el a\u00f1o CICLOTOUR HACIENDAS DE VALLENARHaciendas de Vallenar Duraci\u00f3n:\u00a0 Medio D\u00eda Salimos pedaleando desde la capital provincial. Pasamos por el antiguo puente que formaba parte de la Ruta 5 norte y desde el cual tenemos una vista panor\u00e1mica sobre el Valle y la ciudad. En [&hellip;]<\/p>\n","protected":false},"author":1,"featured_media":0,"parent":0,"menu_order":0,"comment_status":"closed","ping_status":"closed","template":"","meta":{"nf_dc_page":"","_et_pb_use_builder":"on","_et_pb_old_content":"","_et_gb_content_width":"","_joinchat":[],"footnotes":""},"class_list":["post-659","page","type-page","status-publish","hentry"],"_links":{"self":[{"href":"https:\/\/ivechile.com\/en\/wp-json\/wp\/v2\/pages\/659","targetHints":{"allow":["GET"]}}],"collection":[{"href":"https:\/\/ivechile.com\/en\/wp-json\/wp\/v2\/pages"}],"about":[{"href":"https:\/\/ivechile.com\/en\/wp-json\/wp\/v2\/types\/page"}],"author":[{"embeddable":true,"href":"https:\/\/ivechile.com\/en\/wp-json\/wp\/v2\/users\/1"}],"replies":[{"embeddable":true,"href":"https:\/\/ivechile.com\/en\/wp-json\/wp\/v2\/comments?post=659"}],"version-history":[{"count":4,"href":"https:\/\/ivechile.com\/en\/wp-json\/wp\/v2\/pages\/659\/revisions"}],"predecessor-version":[{"id":1522,"href":"https:\/\/ivechile.com\/en\/wp-json\/wp\/v2\/pages\/659\/revisions\/1522"}],"wp:attachment":[{"href":"https:\/\/ivechile.com\/en\/wp-json\/wp\/v2\/media?parent=659"}],"curies":[{"name":"wp","href":"https:\/\/api.w.org\/{rel}","templated":true}]}}