{"id":645,"date":"2021-10-06T22:37:59","date_gmt":"2021-10-06T18:37:59","guid":{"rendered":"https:\/\/ivechile.com\/?page_id=645"},"modified":"2025-06-08T06:20:11","modified_gmt":"2025-06-08T02:20:11","slug":"trekking-sendero-de-chile-pinte-san-felix","status":"publish","type":"page","link":"https:\/\/ivechile.com\/en\/trekking-sendero-de-chile-pinte-san-felix\/","title":{"rendered":"Trekking: Sendero de Chile Pinte-San F\u00e9lix"},"content":{"rendered":"<p>[et_pb_section fb_built=&#8221;1&#8243; fullwidth=&#8221;on&#8221; admin_label=&#8221;Hero Section&#8221; _builder_version=&#8221;4.16&#8243; background_color=&#8221;#233b4e&#8221; background_enable_image=&#8221;off&#8221; parallax=&#8221;on&#8221; custom_padding=&#8221;0px|0px|0px|0px&#8221; global_colors_info=&#8221;{}&#8221;][et_pb_fullwidth_header title=&#8221;trekking: Sendero de Chile Pinte &#8211; San F\u00e9lix&#8221; header_fullscreen=&#8221;on&#8221; background_overlay_color=&#8221;rgba(29,38,51,0.7)&#8221; content_max_width=&#8221;700px&#8221; admin_label=&#8221;Hero&#8221; _builder_version=&#8221;4.16&#8243; title_font=&#8221;Oswald|on||on|&#8221; title_font_size=&#8221;54px&#8221; title_line_height=&#8221;1.3em&#8221; content_font=&#8221;Roboto||||&#8221; content_font_size=&#8221;20px&#8221; background_color=&#8221;rgba(255, 255, 255, 0)&#8221; background_image=&#8221;https:\/\/ivechile.com\/wp-content\/uploads\/2021\/10\/Diseno-sin-titulo-8.jpg&#8221; custom_button_one=&#8221;on&#8221; button_one_border_radius=&#8221;0px&#8221; button_one_letter_spacing=&#8221;4px&#8221; button_one_font=&#8221;Oswald|on||on|&#8221; button_one_icon=&#8221;&#x24;||divi||400&#8243; button_one_icon_color=&#8221;#ffffff&#8221; animation_style=&#8221;zoom&#8221; animation_direction=&#8221;bottom&#8221; animation_intensity_zoom=&#8221;4%&#8221; button_one_text_color_hover=&#8221;#ffffff&#8221; button_one_border_color_hover=&#8221;#ffffff&#8221; button_one_border_radius_hover=&#8221;0px&#8221; button_one_letter_spacing_hover=&#8221;4px&#8221; button_one_bg_color_hover=&#8221;rgba(0,0,0,0)&#8221; global_colors_info=&#8221;{}&#8221; button_one_text_size__hover_enabled=&#8221;off&#8221; button_two_text_size__hover_enabled=&#8221;off&#8221; button_one_text_color__hover_enabled=&#8221;on&#8221; button_one_text_color__hover=&#8221;#ffffff&#8221; button_two_text_color__hover_enabled=&#8221;off&#8221; button_one_border_width__hover_enabled=&#8221;off&#8221; button_two_border_width__hover_enabled=&#8221;off&#8221; button_one_border_color__hover_enabled=&#8221;on&#8221; button_one_border_color__hover=&#8221;#ffffff&#8221; button_two_border_color__hover_enabled=&#8221;off&#8221; button_one_border_radius__hover_enabled=&#8221;on&#8221; button_one_border_radius__hover=&#8221;0px&#8221; button_two_border_radius__hover_enabled=&#8221;off&#8221; button_one_letter_spacing__hover_enabled=&#8221;on&#8221; button_one_letter_spacing__hover=&#8221;4px&#8221; button_two_letter_spacing__hover_enabled=&#8221;off&#8221; button_one_bg_color__hover_enabled=&#8221;on&#8221; button_one_bg_color__hover=&#8221;rgba(0,0,0,0)&#8221; button_two_bg_color__hover_enabled=&#8221;off&#8221;]<\/p>\n<div data-pm-slice=\"1 1 []\" data-en-clipboard=\"true\">\n<div data-pm-slice=\"1 1 []\" data-en-clipboard=\"true\"><span>2 d\u00edas (2 \u2013 6 participantes) <\/span><\/div>\n<div data-pm-slice=\"1 1 []\" data-en-clipboard=\"true\"><span><span>Temporada: <\/span><\/span><span style=\"font-size: 20px;\">Octubre &#8211; Abril (sujeto a condiciones clim\u00e1ticas)<\/span><\/div>\n<\/div>\n<div><\/div>\n<p>[\/et_pb_fullwidth_header][\/et_pb_section][et_pb_section fb_built=&#8221;1&#8243; _builder_version=&#8221;4.16&#8243; background_color=&#8221;#FFFFFF&#8221; custom_padding=&#8221;110px||45px|||&#8221; global_colors_info=&#8221;{}&#8221;][et_pb_row column_structure=&#8221;1_2,1_2&#8243; _builder_version=&#8221;4.16&#8243; global_colors_info=&#8221;{}&#8221;][et_pb_column type=&#8221;1_2&#8243; _builder_version=&#8221;4.16&#8243; custom_padding=&#8221;|||&#8221; global_colors_info=&#8221;{}&#8221; custom_padding__hover=&#8221;|||&#8221;][et_pb_text admin_label=&#8221;Top Destination Title&#8221; _builder_version=&#8221;4.16&#8243; text_font=&#8221;||||&#8221; text_text_color=&#8221;#1a1a1a&#8221; header_font=&#8221;Oswald|on||on|&#8221; header_text_align=&#8221;left&#8221; header_font_size=&#8221;48px&#8221; header_line_height=&#8221;1.3em&#8221; custom_margin=&#8221;||1px|||&#8221; custom_padding=&#8221;|||&#8221; animation_style=&#8221;slide&#8221; animation_direction=&#8221;top&#8221; animation_intensity_slide=&#8221;10%&#8221; locked=&#8221;off&#8221; global_colors_info=&#8221;{}&#8221;]<\/p>\n<h1>Trekking<\/h1>\n<p>[\/et_pb_text][et_pb_divider color=&#8221;#8e1735&#8243; divider_position=&#8221;center&#8221; divider_weight=&#8221;3px&#8221; disabled_on=&#8221;off|off|off&#8221; _builder_version=&#8221;4.16&#8243; max_width=&#8221;150px&#8221; height=&#8221;false&#8221; animation_style=&#8221;slide&#8221; animation_direction=&#8221;top&#8221; animation_delay=&#8221;100ms&#8221; animation_intensity_slide=&#8221;10%&#8221; locked=&#8221;off&#8221; global_colors_info=&#8221;{}&#8221;][\/et_pb_divider][et_pb_text admin_label=&#8221;Top Destination Sub Title&#8221; _builder_version=&#8221;4.16&#8243; text_font=&#8221;Roboto||||&#8221; text_text_color=&#8221;#333333&#8243; text_font_size=&#8221;24px&#8221; text_line_height=&#8221;1.4em&#8221; custom_margin=&#8221;-16px|||||&#8221; custom_padding=&#8221;1px|||||&#8221; animation_style=&#8221;slide&#8221; animation_direction=&#8221;top&#8221; animation_delay=&#8221;200ms&#8221; animation_intensity_slide=&#8221;10%&#8221; locked=&#8221;off&#8221; global_colors_info=&#8221;{}&#8221;]<\/p>\n<div data-pm-slice=\"1 1 []\" data-en-clipboard=\"true\"><b><span>Sendero de Chile Pinte &#8211; San F\u00e9lix<\/span><\/b><\/div>\n<div data-pm-slice=\"1 1 []\" data-en-clipboard=\"true\">\n<div data-pm-slice=\"1 1 []\" data-en-clipboard=\"true\"><b><span><u>Duraci\u00f3n:<\/u><\/span><span> \u00a0<\/span><\/b>2 d\u00edas\/1 noche<\/div>\n<\/div>\n<p>[\/et_pb_text][et_pb_image src=&#8221;https:\/\/ivechile.com\/wp-content\/uploads\/2021\/10\/Diseno-sin-titulo-16.jpg&#8221; title_text=&#8221;Steff &#8211; IveChile&#8221; disabled_on=&#8221;on|on|off&#8221; _builder_version=&#8221;4.16&#8243; _module_preset=&#8221;default&#8221; global_colors_info=&#8221;{}&#8221;][\/et_pb_image][\/et_pb_column][et_pb_column type=&#8221;1_2&#8243; _builder_version=&#8221;4.16&#8243; custom_padding=&#8221;|||&#8221; global_colors_info=&#8221;{}&#8221; custom_padding__hover=&#8221;|||&#8221;][et_pb_accordion open_toggle_text_color=&#8221;#333333&#8243; open_toggle_background_color=&#8221;#FFFFFF&#8221; closed_toggle_background_color=&#8221;#FFFFFF&#8221; _builder_version=&#8221;4.16&#8243; _module_preset=&#8221;default&#8221; toggle_font=&#8221;Roboto|700|||||||&#8221; border_radii=&#8221;on|16px|16px|16px|16px&#8221; box_shadow_style=&#8221;preset3&#8243; global_colors_info=&#8221;{}&#8221;][et_pb_accordion_item title=&#8221;Sendero de Chile Pinte &#8211; San F\u00e9lix&#8221; _builder_version=&#8221;4.16&#8243; _module_preset=&#8221;default&#8221; global_colors_info=&#8221;{}&#8221; open=&#8221;off&#8221;]<\/p>\n<div data-pm-slice=\"1 1 []\" data-en-clipboard=\"true\"><span>Viva esta exigente traves\u00eda y camina el sendero de 35 km que cruza la sierra del Tat\u00fal y une el \u201cValle de los Naturales\u201d con el \u201cValle de los Espa\u00f1oles\u201d.<\/span><\/div>\n<div><\/div>\n<div><span>Seguir\u00e1s los pasos de los antiguos habitantes ind\u00edgenas que utilizaban este sendero para trasladarse de un valle hac\u00eda el otro y para subir sus animales a pastar en lugares cordilleranos &#8211; costumbre que hasta hoy d\u00eda se mantiene.<\/span><\/div>\n<div><\/div>\n<div><span>Disfruta los paisajes monta\u00f1osos de los Andes Atacame\u00f1os, la magia y el silencio de lugares lejos del estr\u00e9s y la vida cotidiana, el cielo estrellado en la noche y la experiencia de una aventura desafiante.<\/span><\/div>\n<p>[\/et_pb_accordion_item][et_pb_accordion_item title=&#8221;Informaci\u00f3n General&#8221; _builder_version=&#8221;4.16&#8243; _module_preset=&#8221;default&#8221; global_colors_info=&#8221;{}&#8221; open=&#8221;off&#8221;]<\/p>\n<div data-pm-slice=\"1 1 []\" data-en-clipboard=\"true\"><b><span><u>Grado dificultad:<\/u>\u00a0 \u00a0<\/span><\/b><span>di<\/span>f\u00edcil\u00a0 \u00a0<\/div>\n<div><\/div>\n<div><b><span><u>Capacidad:<\/u><\/span> <\/b>2 &#8211; 6 participantes<\/div>\n<div><\/div>\n<div><b><span><u>Temporada:<\/u><\/span><span>\u00a0 \u00a0<\/span><\/b>Octubre &#8211; Abril\u00a0 (sujeto a condiciones climaticas)<\/div>\n<div><\/div>\n<div><b><span><u>Itinerario:<\/u><\/span><span>\u00a0 \u00a0<\/span><\/b>Pinte \u2013 Quebrada del Aj\u00ed \u2013 El Pod\u00f3n \u2013 Vega Redonda \u2013 La Hoyada \u2013 Coral de Le\u00f3n \u2013 Damasco Seco \u2013 San F\u00e9lix<\/div>\n<p>[\/et_pb_accordion_item][et_pb_accordion_item title=&#8221;Debes Saber&#8221; open=&#8221;on&#8221; _builder_version=&#8221;4.16&#8243; _module_preset=&#8221;default&#8221; global_colors_info=&#8221;{}&#8221;]<\/p>\n<div data-pm-slice=\"1 1 []\" data-en-clipboard=\"true\"><\/div>\n<div data-pm-slice=\"1 1 []\" data-en-clipboard=\"true\">\n<div data-pm-slice=\"1 1 []\" data-en-clipboard=\"true\">\n<div data-pm-slice=\"1 1 []\" data-en-clipboard=\"true\"><b><span><u>Tour incluye:<\/u><\/span><span>\u00a0 \u00a0<\/span><\/b><span>Gu\u00eda de habla espa\u00f1ol (certificado SERNATUR), charla introducci\u00f3n, bastones de trekking, alimentaci\u00f3n en terreno, botiqu\u00edn, dispositivo de comunicaci\u00f3n de emergencia, GPS, carpa (para quien requiere)<\/span><\/div>\n<div><\/div>\n<div><span>Opcional (costo adicional):<\/span><\/div>\n<div><\/div>\n<ul>\n<li>\n<div><span>gu\u00eda de habla ingl\u00e9s o alem\u00e1n<\/span><\/div>\n<\/li>\n<li>\n<div><span>animal de carga y arriero acompa\u00f1ante (d\u00eda 1)<\/span><\/div>\n<\/li>\n<\/ul>\n<div><\/div>\n<div><b><span><u>Tour NO incluye:<\/u><\/span><span>\u00a0\u00a0\u00a0<\/span><\/b><span>traslados Vallenar-Pinte \/ San Felix-Vallenar,\u00a0seguros, protecci\u00f3n solar, gastos de rescate<\/span><\/div>\n<div><span><\/span><\/div>\n<div><span><\/span><\/div>\n<div><strong>Debes llevar:<\/strong><\/div>\n<div>\n<ul data-pm-slice=\"3 4 []\" data-en-clipboard=\"true\">\n<li>\n<div><span>Ropa liviana y c\u00f3moda y zapatos de trekking de media ca\u00f1a<\/span><\/div>\n<\/li>\n<li>\n<div><span>Ropa abrigada para la noche y chaqueta cortaviento<\/span><\/div>\n<\/li>\n<li>\n<div><span>Carpa y saco de dormir apto para media monta\u00f1a (se puede prestar carpa)<\/span><\/div>\n<\/li>\n<li>\n<div><span>Mochila c\u00f3moda y adecuada para trekking<\/span><\/div>\n<\/li>\n<li>\n<div><span>Protecci\u00f3n solar como gorro, lentes, bloqueador<\/span><\/div>\n<\/li>\n<li>\n<div><span>Botella para\u00a0 recargar agua<\/span><span><\/span><span>\u00a0 \u00a0<\/span><\/div>\n<\/li>\n<\/ul>\n<div><span><\/span><\/div>\n<div><span><\/span><span style=\"font-size: small;\"><strong>Notas:<\/strong><\/span><\/div>\n<ul>\n<li style=\"list-style-type: none;\">\n<ul>\n<li>\n<div><span style=\"font-size: small;\">Rango de edad permitida: 12 \u2013 65 a\u00f1os<\/span><\/div>\n<\/li>\n<li>\n<div><span style=\"font-size: small;\">Actividad no apta para mujeres embarazadas, personas con limitaci\u00f3n en su movilidad, personas que sufren\u00a0v\u00e9rtigo, personas con problemas respiratorias o card\u00edacas, personas que no toleran una altura de 3000 msnm.<\/span><\/div>\n<\/li>\n<li>\n<div><span style=\"font-size: small;\">Cualquier restricci\u00f3n en la salud de un participante debe ser informada con antelaci\u00f3n.<\/span><\/div>\n<\/li>\n<li>\n<div><span style=\"font-size: small;\">Los participantes deben contar con experiencia en caminatas de larga duraci\u00f3n y ser capaces de acatar las\u00a0instrucciones del gu\u00eda<\/span><\/div>\n<\/li>\n<li>\n<div><span style=\"font-size: small;\">Cada participante debe llenar una ficha de inscripci\u00f3n y aceptaci\u00f3n de riesgos antes del inicio de la actividad<\/span><\/div>\n<\/li>\n<\/ul>\n<\/li>\n<\/ul>\n<\/div>\n<\/div>\n<\/div>\n<p>[\/et_pb_accordion_item][et_pb_accordion_item title=&#8221;Valores&#8221; _builder_version=&#8221;4.16&#8243; _module_preset=&#8221;default&#8221; global_colors_info=&#8221;{}&#8221; open=&#8221;off&#8221;]<\/p>\n<div data-pm-slice=\"1 1 []\" data-en-clipboard=\"true\">\n<div data-pm-slice=\"1 1 []\" data-en-clipboard=\"true\">\n<div><b><span>Valores por persona IVA incl.:<\/span><\/b><\/div>\n<ul data-pm-slice=\"3 3 []\" data-en-clipboard=\"true\">\n<li>2 participantes: $ 173.000<\/li>\n<li>3 o 4 participantes: $ 125.000<\/li>\n<li>5 o 6 participantes: $ 87.000\u00a0 \u00a0 \u00a0 \u00a0 \u00a0 \u00a0 \u00a0 \u00a0 \u00a0 \u00a0 \u00a0 \u00a0 \u00a0 \u00a0 \u00a0 \u00a0 \u00a0 \u00a0 \u00a0 \u00a0 \u00a0 \u00a0 \u00a0 \u00a0 \u00a0 \u00a0 \u00a0 \u00a0 \u00a0 \u00a0 \u00a0 \u00a0 \u00a0 \u00a0 \u00a0 \u00a0 <em style=\"font-size: 14px;\"><b><\/b><\/em><em style=\"font-size: 14px;\"><b>\u00a1\u00a1\u00a1 Los servicios son sujeto a disponibilidad en el momento de la reserva !!!\u00a0<\/b><\/em><\/li>\n<\/ul>\n<\/div>\n<div><span><\/span><\/div>\n<\/div>\n<p>[\/et_pb_accordion_item][\/et_pb_accordion][et_pb_button button_url=&#8221;https:\/\/wa.me\/56992830643?text=%C2%A1Hola!%20%F0%9F%98%8AMe%20gustar%C3%ADa%20reservar%20la%20actividad%20de%20%22Trekking:%20Sendero%20de%20Chile%20Pinte-San%20F%C3%A9lix%22.%20%C2%BFPodr%C3%ADan%20darme%20m%C3%A1s%20informaci%C3%B3n%20sobre%20c%C3%B3mo%20puedo%20hacer%20la%20reserva?%C2%A1Gracias!&#8221; button_text=&#8221;RESERVAR&#8221; button_alignment=&#8221;left&#8221; _builder_version=&#8221;4.25.1&#8243; _module_preset=&#8221;default&#8221; custom_button=&#8221;on&#8221; button_text_color=&#8221;#FFFFFF&#8221; button_bg_color=&#8221;#8e1735&#8243; button_border_width=&#8221;0px&#8221; button_border_radius=&#8221;56px&#8221; button_font=&#8221;Roboto|700|||||||&#8221; global_colors_info=&#8221;{}&#8221;][\/et_pb_button][\/et_pb_column][\/et_pb_row][et_pb_row column_structure=&#8221;1_4,1_4,1_4,1_4&#8243; use_custom_gutter=&#8221;on&#8221; gutter_width=&#8221;1&#8243; make_equal=&#8221;on&#8221; admin_label=&#8221;Gallery&#8221; module_class=&#8221; et_pb_row_fullwidth&#8221; _builder_version=&#8221;4.16&#8243; width=&#8221;100%&#8221; width_tablet=&#8221;100%&#8221; width_phone=&#8221;&#8221; width_last_edited=&#8221;on|desktop&#8221; max_width=&#8221;100%&#8221; max_width_tablet=&#8221;100%&#8221; max_width_phone=&#8221;&#8221; max_width_last_edited=&#8221;on|desktop&#8221; custom_padding=&#8221;|||&#8221; make_fullwidth=&#8221;on&#8221; global_colors_info=&#8221;{}&#8221;][et_pb_column type=&#8221;1_4&#8243; _builder_version=&#8221;4.16&#8243; custom_padding=&#8221;|||&#8221; global_colors_info=&#8221;{}&#8221; custom_padding__hover=&#8221;|||&#8221;][et_pb_image src=&#8221;https:\/\/ivechile.com\/wp-content\/uploads\/2021\/10\/38.jpg&#8221; title_text=&#8221;38&#8243; show_in_lightbox=&#8221;on&#8221; force_fullwidth=&#8221;on&#8221; align_tablet=&#8221;center&#8221; align_phone=&#8221;&#8221; align_last_edited=&#8221;on|desktop&#8221; _builder_version=&#8221;4.16&#8243; animation_style=&#8221;zoom&#8221; animation_intensity_zoom=&#8221;10%&#8221; global_colors_info=&#8221;{}&#8221;][\/et_pb_image][\/et_pb_column][et_pb_column type=&#8221;1_4&#8243; _builder_version=&#8221;4.16&#8243; custom_padding=&#8221;|||&#8221; global_colors_info=&#8221;{}&#8221; custom_padding__hover=&#8221;|||&#8221;][et_pb_image src=&#8221;https:\/\/ivechile.com\/wp-content\/uploads\/2021\/10\/37.jpg&#8221; title_text=&#8221;37&#8243; show_in_lightbox=&#8221;on&#8221; force_fullwidth=&#8221;on&#8221; align_tablet=&#8221;center&#8221; align_phone=&#8221;&#8221; align_last_edited=&#8221;on|desktop&#8221; _builder_version=&#8221;4.16&#8243; animation_style=&#8221;zoom&#8221; animation_delay=&#8221;100ms&#8221; animation_intensity_zoom=&#8221;10%&#8221; locked=&#8221;off&#8221; global_colors_info=&#8221;{}&#8221;][\/et_pb_image][\/et_pb_column][et_pb_column type=&#8221;1_4&#8243; _builder_version=&#8221;4.16&#8243; custom_padding=&#8221;|||&#8221; global_colors_info=&#8221;{}&#8221; custom_padding__hover=&#8221;|||&#8221;][et_pb_image src=&#8221;https:\/\/ivechile.com\/wp-content\/uploads\/2021\/10\/36.jpg&#8221; title_text=&#8221;36&#8243; show_in_lightbox=&#8221;on&#8221; force_fullwidth=&#8221;on&#8221; align_tablet=&#8221;center&#8221; align_phone=&#8221;&#8221; align_last_edited=&#8221;on|desktop&#8221; _builder_version=&#8221;4.16&#8243; animation_style=&#8221;zoom&#8221; animation_delay=&#8221;200ms&#8221; animation_intensity_zoom=&#8221;10%&#8221; locked=&#8221;off&#8221; global_colors_info=&#8221;{}&#8221;][\/et_pb_image][\/et_pb_column][et_pb_column type=&#8221;1_4&#8243; _builder_version=&#8221;4.16&#8243; custom_padding=&#8221;|||&#8221; global_colors_info=&#8221;{}&#8221; custom_padding__hover=&#8221;|||&#8221;][et_pb_image src=&#8221;https:\/\/ivechile.com\/wp-content\/uploads\/2021\/10\/7.jpg&#8221; title_text=&#8221;7&#8243; show_in_lightbox=&#8221;on&#8221; force_fullwidth=&#8221;on&#8221; align_tablet=&#8221;center&#8221; align_phone=&#8221;&#8221; align_last_edited=&#8221;on|desktop&#8221; _builder_version=&#8221;4.16&#8243; animation_style=&#8221;zoom&#8221; animation_delay=&#8221;300ms&#8221; animation_intensity_zoom=&#8221;10%&#8221; locked=&#8221;off&#8221; global_colors_info=&#8221;{}&#8221;][\/et_pb_image][\/et_pb_column][\/et_pb_row][\/et_pb_section][et_pb_section fb_built=&#8221;1&#8243; _builder_version=&#8221;4.16&#8243; custom_padding=&#8221;2px||14px|||&#8221; global_colors_info=&#8221;{}&#8221;][et_pb_row _builder_version=&#8221;4.16&#8243; _module_preset=&#8221;default&#8221; global_colors_info=&#8221;{}&#8221;][et_pb_column type=&#8221;4_4&#8243; _builder_version=&#8221;4.16&#8243; _module_preset=&#8221;default&#8221; global_colors_info=&#8221;{}&#8221;][et_pb_button button_url=&#8221;https:\/\/ivechile.com\/actividades\/&#8221; button_text=&#8221;VOLVER A ACTIVIDADES&#8221; button_alignment=&#8221;center&#8221; _builder_version=&#8221;4.16&#8243; _module_preset=&#8221;default&#8221; custom_button=&#8221;on&#8221; button_text_color=&#8221;#FFFFFF&#8221; button_bg_color=&#8221;#8e1735&#8243; button_border_width=&#8221;0px&#8221; button_border_radius=&#8221;56px&#8221; button_font=&#8221;Roboto|700|||||||&#8221; global_colors_info=&#8221;{}&#8221;][\/et_pb_button][\/et_pb_column][\/et_pb_row][\/et_pb_section]<\/p>\n","protected":false},"excerpt":{"rendered":"<p>2 d\u00edas (2 \u2013 6 participantes) Temporada: Octubre &#8211; Abril (sujeto a condiciones clim\u00e1ticas) TrekkingSendero de Chile Pinte &#8211; San F\u00e9lix Duraci\u00f3n: \u00a02 d\u00edas\/1 noche Viva esta exigente traves\u00eda y camina el sendero de 35 km que cruza la sierra del Tat\u00fal y une el \u201cValle de los Naturales\u201d con el \u201cValle de los Espa\u00f1oles\u201d. [&hellip;]<\/p>\n","protected":false},"author":1,"featured_media":0,"parent":0,"menu_order":0,"comment_status":"closed","ping_status":"closed","template":"","meta":{"nf_dc_page":"","_et_pb_use_builder":"on","_et_pb_old_content":"","_et_gb_content_width":"","_joinchat":[],"footnotes":""},"class_list":["post-645","page","type-page","status-publish","hentry"],"_links":{"self":[{"href":"https:\/\/ivechile.com\/en\/wp-json\/wp\/v2\/pages\/645","targetHints":{"allow":["GET"]}}],"collection":[{"href":"https:\/\/ivechile.com\/en\/wp-json\/wp\/v2\/pages"}],"about":[{"href":"https:\/\/ivechile.com\/en\/wp-json\/wp\/v2\/types\/page"}],"author":[{"embeddable":true,"href":"https:\/\/ivechile.com\/en\/wp-json\/wp\/v2\/users\/1"}],"replies":[{"embeddable":true,"href":"https:\/\/ivechile.com\/en\/wp-json\/wp\/v2\/comments?post=645"}],"version-history":[{"count":5,"href":"https:\/\/ivechile.com\/en\/wp-json\/wp\/v2\/pages\/645\/revisions"}],"predecessor-version":[{"id":1519,"href":"https:\/\/ivechile.com\/en\/wp-json\/wp\/v2\/pages\/645\/revisions\/1519"}],"wp:attachment":[{"href":"https:\/\/ivechile.com\/en\/wp-json\/wp\/v2\/media?parent=645"}],"curies":[{"name":"wp","href":"https:\/\/api.w.org\/{rel}","templated":true}]}}