{"id":593,"date":"2021-10-05T02:00:42","date_gmt":"2021-10-04T22:00:42","guid":{"rendered":"https:\/\/ivechile.com\/?page_id=593"},"modified":"2025-04-09T21:53:14","modified_gmt":"2025-04-09T17:53:14","slug":"de-valle-a-valle","status":"publish","type":"page","link":"https:\/\/ivechile.com\/en\/de-valle-a-valle\/","title":{"rendered":"From Valley to Valley"},"content":{"rendered":"<p>[et_pb_section fb_built=&#8221;1&#8243; fullwidth=&#8221;on&#8221; admin_label=&#8221;Hero Section&#8221; _builder_version=&#8221;4.16&#8243; background_color=&#8221;#233b4e&#8221; background_enable_image=&#8221;off&#8221; parallax=&#8221;on&#8221; custom_padding=&#8221;0px|0px|0px|0px&#8221; global_colors_info=&#8221;{}&#8221;][et_pb_fullwidth_header title=&#8221;de valle a valle&#8221; header_fullscreen=&#8221;on&#8221; background_overlay_color=&#8221;rgba(29,38,51,0.7)&#8221; content_max_width=&#8221;700px&#8221; admin_label=&#8221;Hero&#8221; _builder_version=&#8221;4.16&#8243; title_font=&#8221;Oswald|on||on|&#8221; title_font_size=&#8221;54px&#8221; title_line_height=&#8221;1.3em&#8221; content_font=&#8221;Roboto||||&#8221; content_font_size=&#8221;20px&#8221; background_color=&#8221;rgba(255, 255, 255, 0)&#8221; background_image=&#8221;https:\/\/ivechile.com\/wp-content\/uploads\/2021\/10\/Untitled-design-3.jpg&#8221; custom_button_one=&#8221;on&#8221; button_one_border_radius=&#8221;0px&#8221; button_one_letter_spacing=&#8221;4px&#8221; button_one_font=&#8221;Oswald|on||on|&#8221; button_one_icon=&#8221;&#x24;||divi||400&#8243; button_one_icon_color=&#8221;#ffffff&#8221; animation_style=&#8221;zoom&#8221; animation_direction=&#8221;bottom&#8221; animation_intensity_zoom=&#8221;4%&#8221; button_one_text_color_hover=&#8221;#ffffff&#8221; button_one_border_color_hover=&#8221;#ffffff&#8221; button_one_border_radius_hover=&#8221;0px&#8221; button_one_letter_spacing_hover=&#8221;4px&#8221; button_one_bg_color_hover=&#8221;rgba(0,0,0,0)&#8221; global_colors_info=&#8221;{}&#8221; button_one_text_size__hover_enabled=&#8221;off&#8221; button_two_text_size__hover_enabled=&#8221;off&#8221; button_one_text_color__hover_enabled=&#8221;on&#8221; button_one_text_color__hover=&#8221;#ffffff&#8221; button_two_text_color__hover_enabled=&#8221;off&#8221; button_one_border_width__hover_enabled=&#8221;off&#8221; button_two_border_width__hover_enabled=&#8221;off&#8221; button_one_border_color__hover_enabled=&#8221;on&#8221; button_one_border_color__hover=&#8221;#ffffff&#8221; button_two_border_color__hover_enabled=&#8221;off&#8221; button_one_border_radius__hover_enabled=&#8221;on&#8221; button_one_border_radius__hover=&#8221;0px&#8221; button_two_border_radius__hover_enabled=&#8221;off&#8221; button_one_letter_spacing__hover_enabled=&#8221;on&#8221; button_one_letter_spacing__hover=&#8221;4px&#8221; button_two_letter_spacing__hover_enabled=&#8221;off&#8221; button_one_bg_color__hover_enabled=&#8221;on&#8221; button_one_bg_color__hover=&#8221;rgba(0,0,0,0)&#8221; button_two_bg_color__hover_enabled=&#8221;off&#8221;]<\/p>\n<div data-pm-slice=\"1 1 []\" data-en-clipboard=\"true\">\n<div data-pm-slice=\"1 1 []\" data-en-clipboard=\"true\">\n<div data-pm-slice=\"1 1 []\" data-en-clipboard=\"true\"><span>3 d\u00edas\/2 noches (2 &#8211; 6 participantes)\u00a0<\/span><\/div>\n<div data-pm-slice=\"1 1 []\" data-en-clipboard=\"true\"><span>Temporada: octubre &#8211; abril<\/span><\/div>\n<\/div>\n<\/div>\n<div><\/div>\n<p>[\/et_pb_fullwidth_header][\/et_pb_section][et_pb_section fb_built=&#8221;1&#8243; _builder_version=&#8221;4.16&#8243; background_color=&#8221;#FFFFFF&#8221; custom_padding=&#8221;110px||45px|||&#8221; global_colors_info=&#8221;{}&#8221;][et_pb_row column_structure=&#8221;1_2,1_2&#8243; _builder_version=&#8221;4.16&#8243; global_colors_info=&#8221;{}&#8221;][et_pb_column type=&#8221;1_2&#8243; _builder_version=&#8221;4.16&#8243; custom_padding=&#8221;|||&#8221; global_colors_info=&#8221;{}&#8221; custom_padding__hover=&#8221;|||&#8221;][et_pb_text admin_label=&#8221;Top Destination Title&#8221; _builder_version=&#8221;4.16&#8243; text_font=&#8221;||||&#8221; text_text_color=&#8221;#1a1a1a&#8221; header_font=&#8221;Oswald|on||on|&#8221; header_text_align=&#8221;left&#8221; header_font_size=&#8221;48px&#8221; header_line_height=&#8221;1.3em&#8221; custom_margin=&#8221;||1px|||&#8221; custom_padding=&#8221;|||&#8221; animation_style=&#8221;slide&#8221; animation_direction=&#8221;top&#8221; animation_intensity_slide=&#8221;10%&#8221; locked=&#8221;off&#8221; global_colors_info=&#8221;{}&#8221;]<\/p>\n<h1>de valle a valle<\/h1>\n<p>[\/et_pb_text][et_pb_divider color=&#8221;#8e1735&#8243; divider_position=&#8221;center&#8221; divider_weight=&#8221;3px&#8221; disabled_on=&#8221;off|off|off&#8221; _builder_version=&#8221;4.16&#8243; max_width=&#8221;150px&#8221; height=&#8221;false&#8221; animation_style=&#8221;slide&#8221; animation_direction=&#8221;top&#8221; animation_delay=&#8221;100ms&#8221; animation_intensity_slide=&#8221;10%&#8221; locked=&#8221;off&#8221; global_colors_info=&#8221;{}&#8221;][\/et_pb_divider][et_pb_text admin_label=&#8221;Top Destination Sub Title&#8221; _builder_version=&#8221;4.16&#8243; text_font=&#8221;Roboto||||&#8221; text_text_color=&#8221;#333333&#8243; text_font_size=&#8221;24px&#8221; text_line_height=&#8221;1.4em&#8221; custom_margin=&#8221;-16px|||||&#8221; custom_padding=&#8221;1px|||||&#8221; animation_style=&#8221;slide&#8221; animation_direction=&#8221;top&#8221; animation_delay=&#8221;200ms&#8221; animation_intensity_slide=&#8221;10%&#8221; locked=&#8221;off&#8221; global_colors_info=&#8221;{}&#8221;]<\/p>\n<div data-pm-slice=\"1 1 []\" data-en-clipboard=\"true\">\n<div data-pm-slice=\"1 1 []\" data-en-clipboard=\"true\"><span>Una experiencia activa y desafiante !!!<\/span><\/div>\n<\/div>\n<p>[\/et_pb_text][et_pb_image src=&#8221;https:\/\/ivechile.com\/wp-content\/uploads\/2021\/10\/7.jpg&#8221; title_text=&#8221;7&#8243; disabled_on=&#8221;on|on|off&#8221; _builder_version=&#8221;4.16&#8243; _module_preset=&#8221;default&#8221; global_colors_info=&#8221;{}&#8221;][\/et_pb_image][\/et_pb_column][et_pb_column type=&#8221;1_2&#8243; _builder_version=&#8221;4.16&#8243; custom_padding=&#8221;|||&#8221; global_colors_info=&#8221;{}&#8221; custom_padding__hover=&#8221;|||&#8221;][et_pb_accordion open_toggle_text_color=&#8221;#333333&#8243; open_toggle_background_color=&#8221;#FFFFFF&#8221; closed_toggle_background_color=&#8221;#FFFFFF&#8221; _builder_version=&#8221;4.16&#8243; _module_preset=&#8221;default&#8221; toggle_font=&#8221;Roboto|700|||||||&#8221; border_radii=&#8221;on|16px|16px|16px|16px&#8221; box_shadow_style=&#8221;preset3&#8243; global_colors_info=&#8221;{}&#8221;][et_pb_accordion_item title=&#8221;De Valle a Valle&#8221; _builder_version=&#8221;4.16&#8243; _module_preset=&#8221;default&#8221; global_colors_info=&#8221;{}&#8221; open=&#8221;off&#8221;]<\/p>\n<div data-pm-slice=\"1 1 []\" data-en-clipboard=\"true\"><\/div>\n<div data-pm-slice=\"1 1 []\" data-en-clipboard=\"true\">\n<div data-pm-slice=\"1 1 []\" data-en-clipboard=\"true\"><span>3 d\u00edas\/2 noches (2 &#8211; 6 participantes)\u00a0\u00a0 Temporada: octubre &#8211; abril<\/span><\/div>\n<div><\/div>\n<div><span>Una experiencia activa y desafiante !!!<\/span><\/div>\n<div><\/div>\n<div><span>Durante este programa conoces y vives el soleado sector precordillerano de la Provincia del Huasco &#8211; un lugar netamente rural el cual guarda muchos secretos.<\/span><\/div>\n<div><span><\/span><\/div>\n<div><\/div>\n<div><span><\/span><\/div>\n<div><span><\/span><\/div>\n<div><span>Nuestro camino nos lleva por el Valle del Tr\u00e1nsito que se conoce tambi\u00e9n como &#8220;Valle del los Naturales&#8221; por haber sido lugar de refugio de los habitantes originarios diaguitas desde la colonizaci\u00f3n espa\u00f1ola del sector. Durante el trayecto conoces algunos personajes y aprendes sobre la vida pasada y actual de este pueblo ind\u00edgena que est\u00e1 en un proceso de redescubrir sus ra\u00edces y revivir su cultura.\u00a0<\/span><\/div>\n<div><span>En el min\u00fasculo pueblito de Pinte que est\u00e1 inserto en medio de cerros multicolor y extra\u00f1as formaciones geol\u00f3gicas, te puedes dejar envolver por el aire m\u00e1gico propio de este lugar y adem\u00e1s descubrir sus tesoros f\u00f3siles que dan cuenta de la vida de hace muchos millones de a\u00f1os atr\u00e1s.\u00a0<\/span><\/div>\n<div><span>Compartimos un rico asado antes de acampar bajo el cielo estrellado de este mismo lugar que adem\u00e1s es el punto de partida del exigente trekking de 2 d\u00edas que iniciamos en la madrugada del siguiente d\u00eda.<\/span><\/div>\n<div><span>Siguiendo la huella tropera\u00a0 que antiguamente fue usada por las distintas culturas ind\u00edgenas\u00a0 que habitaban el sector as\u00ed como por los Incas que hab\u00edan llegado desde el norte, cruzamos la Sierra del Tat\u00fal con destino &#8220;Valle de los Espa\u00f1oles&#8221; que debe su apodo al hecho que era el principal lugar de asentamiento de los colonos espa\u00f1oles que llegaron en el siglo 17. Caminamos por solitarios parajes monta\u00f1osos donde s\u00f3lo escuchamos el viento y el sonido de las aves y los \u00fanicos seres humanos que pueden cruzar nuestro camino son los pastores caprinos trashumantes quienes mantienen vivo su oficio hasta la actualidad. A aproximadamente la mitad del trayecto y una altura de 2800 msnm armamos campamento y compartimos historias del campo a orilla de una fogata. En la tarde del segundo d\u00eda de nuestra traves\u00eda\u00a0 se nos presentan desde la altura unas impresionantes vistas sobre el Valle del Carmen. Llegamos bien agotados , pero satisfechos a San F\u00e9lix, el principal pueblo de este valle donde nos esperan con unos muy merecidos refrescos y cositas para picar. De ah\u00ed seguimos el camino valle abajo para terminar nuestro programa en Vallenar.<\/span><span><\/span><\/div>\n<div><span><\/span><\/div>\n<div><span><\/span><\/div>\n<div><span><\/span><\/div>\n<div><span><\/span><\/div>\n<div><\/div>\n<div><\/div>\n<\/div>\n<p>[\/et_pb_accordion_item][et_pb_accordion_item title=&#8221;Itinerario&#8221; _builder_version=&#8221;4.16&#8243; _module_preset=&#8221;default&#8221; global_colors_info=&#8221;{}&#8221; open=&#8221;off&#8221;]<\/p>\n<div data-pm-slice=\"1 1 []\" data-en-clipboard=\"true\">\n<div data-pm-slice=\"1 1 []\" data-en-clipboard=\"true\">\n<div data-pm-slice=\"1 1 []\" data-en-clipboard=\"true\">\n<div data-pm-slice=\"1 1 []\" data-en-clipboard=\"true\">\n<div data-pm-slice=\"1 1 []\" data-en-clipboard=\"true\"><span>D\u00eda 1: Vallenar (salida 15 hrs.) \u2013 Embalse Santa Juana \u2013 El Tr\u00e1nsito &#8211; Pinte, Valle del Tr\u00e1nsito\u00a0\u00a0<\/span><\/div>\n<div><\/div>\n<div><span>D\u00eda 2: Pinte (salida 07.00 hrs.) \u2013 Sendero de Chile<\/span><\/div>\n<div><\/div>\n<div><span>D\u00eda 3: Sendero de Chile \u2013 San F\u00e9lix, Valle del Carmen &#8211; Traslado Vallenar\u00a0 (llegada 19.15 hrs. aprox.)<\/span><\/div>\n<div><\/div>\n<div><span>(Total recorrido en veh\u00edculo: 158 km aprox. \/ total caminata: 35 km aprox.)<\/span><\/div>\n<\/div>\n<\/div>\n<\/div>\n<\/div>\n<p>[\/et_pb_accordion_item][et_pb_accordion_item title=&#8221;Debes Saber&#8221; _builder_version=&#8221;4.16&#8243; _module_preset=&#8221;default&#8221; global_colors_info=&#8221;{}&#8221; open=&#8221;off&#8221;]<\/p>\n<div data-pm-slice=\"1 1 []\" data-en-clipboard=\"true\">\n<div data-pm-slice=\"1 1 []\" data-en-clipboard=\"true\">\n<div data-pm-slice=\"1 1 []\" data-en-clipboard=\"true\">\n<div data-pm-slice=\"0 1 []\" data-en-clipboard=\"true\">\n<div data-pm-slice=\"1 1 []\" data-en-clipboard=\"true\">\n<div data-pm-slice=\"1 1 []\" data-en-clipboard=\"true\"><span><span style=\"text-decoration: underline;\"><strong>Incluye:<\/strong><\/span> Transporte privado Vallenar \u2013 Pinte (d\u00eda 1) y San F\u00e9lix-Vallenar (d\u00eda 3) con gu\u00eda-chofer certificado SERNATUR de habla espa\u00f1ol, aporte museo de Pinte, 1 noche de camping en Pinte, asado compartido (opci\u00f3n vegetariana) y desayuno en Pinte, agua filtrada para beber (d\u00eda 1)<\/span><\/div>\n<div data-pm-slice=\"1 1 []\" data-en-clipboard=\"true\"><span>Durante el trekking (d\u00eda 2+3): Gu\u00eda certificado SERNATUR de habla espa\u00f1ol, charla de introducci\u00f3n, alimentaci\u00f3n en terreno, bastones de trekking, botiqu\u00edn, GPS, dispositivo de comunicaci\u00f3n de emergencia (quien requiere puede prestar una carpa), refrescos y cosas para picar (d\u00eda 3)<\/span><span>\u00a0\u00a0<\/span><\/div>\n<div data-pm-slice=\"1 1 []\" data-en-clipboard=\"true\"><b style=\"font-size: 14px;\">Opcional<\/b><span style=\"font-size: 14px;\"> (valor adicional): gu\u00eda de habla ingl\u00e9s o alem\u00e1n, animal de carga para el trekking<\/span><\/div>\n<div><\/div>\n<div><b><span><u>No incluye:<\/u><\/span><\/b><span>\u00a0\u00a0seguros, otros alimentos que los mencionados, saco de dormir, protecci\u00f3n solar, gastos rescate<\/span><\/div>\n<div><span><\/span><\/div>\n<div>\n<div data-pm-slice=\"1 1 []\" data-en-clipboard=\"true\"><span><strong>Debes llevar: <\/strong>Ropa c\u00f3moda y liviana y zapatos de trekking de media ca\u00f1a, c<\/span><span>arpa y saco de dormir livianos y aptos para media monta\u00f1a (es posible prestar una carpa), r<\/span><span>opa abrigada para la noche, m<\/span><span>ochila c\u00f3moda y adecuada para trekking, p<\/span><span>rotecci\u00f3n solar como gorro, lentes, bloqueador, botella para recargar agua<\/span><\/div>\n<div><\/div>\n<div><span style=\"font-size: x-small;\"><strong>Notas:<\/strong><\/span><\/div>\n<div><\/div>\n<div><span style=\"font-size: x-small;\">-Rango de edad permitido: 12 \u2013 65 a\u00f1os<\/span><\/div>\n<div><\/div>\n<div><span style=\"font-size: x-small;\">-El trekking no es apto para mujeres embarazadas, personas con limitaci\u00f3n en su movilidad, personas que sufren v\u00e9rtigo, personas con problemas respiratorias o\u00a0card\u00edacas, personas que no toleran una altura de 3000 msnm.<\/span><\/div>\n<div><\/div>\n<div><span style=\"font-size: x-small;\">-Cualquier restricci\u00f3n en la salud de un participante debe ser informada con antelaci\u00f3n.<\/span><\/div>\n<div><\/div>\n<div><span style=\"font-size: x-small;\">-Los participantes deben contar con experiencia en caminatas de larga duraci\u00f3n y ser capaces de acatar las instrucciones del gu\u00eda<\/span><\/div>\n<div><\/div>\n<div><span style=\"font-size: x-small;\">-Cada participante debe llenar una ficha de inscripci\u00f3n y aceptaci\u00f3n de riesgos antes del inicio de la actividad.<\/span><\/div>\n<\/div>\n<\/div>\n<\/div>\n<\/div>\n<\/div>\n<\/div>\n<p>[\/et_pb_accordion_item][et_pb_accordion_item title=&#8221;Valores&#8221; open=&#8221;on&#8221; _builder_version=&#8221;4.16&#8243; _module_preset=&#8221;default&#8221; global_colors_info=&#8221;{}&#8221;]<\/p>\n<div data-pm-slice=\"1 1 []\" data-en-clipboard=\"true\">\n<div data-pm-slice=\"1 1 []\" data-en-clipboard=\"true\">\n<div data-pm-slice=\"1 1 []\" data-en-clipboard=\"true\">\n<div data-pm-slice=\"1 1 []\" data-en-clipboard=\"true\">\n<div data-pm-slice=\"1 1 []\" data-en-clipboard=\"true\"><b><span>Valor por persona IVA incl:\u00a0 \u00a0<\/span><\/b><\/div>\n<div><\/div>\n<div><span>2 participantes: $ 357.000\u00a0 \u00a0<\/span><\/div>\n<div><\/div>\n<div><span>3 o 4 participantes: $ 290.000\u00a0 \u00a0<\/span><\/div>\n<div><\/div>\n<div><span>5 o 6 participantes: $ 200.000<\/span><\/div>\n<div><\/div>\n<div><b><span><em>\u00a1\u00a1\u00a1 Los servicios son sujeto a disponibilidad en el momento de la reserva !!!\u00a0<\/em>\u00a0<\/span><\/b><\/div>\n<\/div>\n<p><em style=\"font-size: 14px;\"><b> \u00a0<\/b><\/em><\/p>\n<\/div>\n<\/div>\n<div><\/div>\n<div><span><\/span><\/div>\n<\/div>\n<p>[\/et_pb_accordion_item][\/et_pb_accordion][et_pb_button button_url=&#8221;https:\/\/wa.me\/56992830643?text=%C2%A1Hola!%20%F0%9F%98%8AMe%20gustar%C3%ADa%20reservar%20el%20tour%20De%20Valle%20a%20Valle.%20%C2%BFPodr%C3%ADan%20darme%20m%C3%A1s%20informaci%C3%B3n%20sobre%20las%20opciones%20disponibles%20y%20c%C3%B3mo%20puedo%20hacer%20la%20reserva?%C2%A1Gracias!&#8221; button_text=&#8221;RESERVAR&#8221; button_alignment=&#8221;left&#8221; _builder_version=&#8221;4.25.1&#8243; _module_preset=&#8221;default&#8221; custom_button=&#8221;on&#8221; button_text_color=&#8221;#FFFFFF&#8221; button_bg_color=&#8221;#8e1735&#8243; button_border_width=&#8221;0px&#8221; button_border_radius=&#8221;56px&#8221; button_font=&#8221;Roboto|700|||||||&#8221; global_colors_info=&#8221;{}&#8221;][\/et_pb_button][\/et_pb_column][\/et_pb_row][et_pb_row column_structure=&#8221;1_4,1_4,1_4,1_4&#8243; use_custom_gutter=&#8221;on&#8221; gutter_width=&#8221;1&#8243; make_equal=&#8221;on&#8221; admin_label=&#8221;Gallery&#8221; module_class=&#8221; et_pb_row_fullwidth&#8221; _builder_version=&#8221;4.16&#8243; width=&#8221;100%&#8221; width_tablet=&#8221;100%&#8221; width_phone=&#8221;&#8221; width_last_edited=&#8221;on|desktop&#8221; max_width=&#8221;100%&#8221; max_width_tablet=&#8221;100%&#8221; max_width_phone=&#8221;&#8221; max_width_last_edited=&#8221;on|desktop&#8221; custom_padding=&#8221;|||&#8221; make_fullwidth=&#8221;on&#8221; global_colors_info=&#8221;{}&#8221;][et_pb_column type=&#8221;1_4&#8243; _builder_version=&#8221;4.16&#8243; custom_padding=&#8221;|||&#8221; global_colors_info=&#8221;{}&#8221; custom_padding__hover=&#8221;|||&#8221;][et_pb_image src=&#8221;https:\/\/ivechile.com\/wp-content\/uploads\/2021\/10\/26.jpg&#8221; title_text=&#8221;26&#8243; show_in_lightbox=&#8221;on&#8221; force_fullwidth=&#8221;on&#8221; align_tablet=&#8221;center&#8221; align_phone=&#8221;&#8221; align_last_edited=&#8221;on|desktop&#8221; _builder_version=&#8221;4.16&#8243; animation_style=&#8221;zoom&#8221; animation_intensity_zoom=&#8221;10%&#8221; global_colors_info=&#8221;{}&#8221;][\/et_pb_image][\/et_pb_column][et_pb_column type=&#8221;1_4&#8243; _builder_version=&#8221;4.16&#8243; custom_padding=&#8221;|||&#8221; global_colors_info=&#8221;{}&#8221; custom_padding__hover=&#8221;|||&#8221;][et_pb_image src=&#8221;https:\/\/ivechile.com\/wp-content\/uploads\/2021\/10\/Untitled-design-24.jpg&#8221; title_text=&#8221;Untitled design (24)&#8221; show_in_lightbox=&#8221;on&#8221; force_fullwidth=&#8221;on&#8221; align_tablet=&#8221;center&#8221; align_phone=&#8221;&#8221; align_last_edited=&#8221;on|desktop&#8221; _builder_version=&#8221;4.16&#8243; animation_style=&#8221;zoom&#8221; animation_delay=&#8221;100ms&#8221; animation_intensity_zoom=&#8221;10%&#8221; locked=&#8221;off&#8221; global_colors_info=&#8221;{}&#8221;][\/et_pb_image][\/et_pb_column][et_pb_column type=&#8221;1_4&#8243; _builder_version=&#8221;4.16&#8243; custom_padding=&#8221;|||&#8221; global_colors_info=&#8221;{}&#8221; custom_padding__hover=&#8221;|||&#8221;][et_pb_image src=&#8221;https:\/\/ivechile.com\/wp-content\/uploads\/2021\/10\/Untitled-design-29.jpg&#8221; title_text=&#8221;Untitled design (29)&#8221; show_in_lightbox=&#8221;on&#8221; force_fullwidth=&#8221;on&#8221; align_tablet=&#8221;center&#8221; align_phone=&#8221;&#8221; align_last_edited=&#8221;on|desktop&#8221; _builder_version=&#8221;4.16&#8243; animation_style=&#8221;zoom&#8221; animation_delay=&#8221;200ms&#8221; animation_intensity_zoom=&#8221;10%&#8221; locked=&#8221;off&#8221; global_colors_info=&#8221;{}&#8221;][\/et_pb_image][\/et_pb_column][et_pb_column type=&#8221;1_4&#8243; _builder_version=&#8221;4.16&#8243; custom_padding=&#8221;|||&#8221; global_colors_info=&#8221;{}&#8221; custom_padding__hover=&#8221;|||&#8221;][et_pb_image src=&#8221;https:\/\/ivechile.com\/wp-content\/uploads\/2021\/10\/Untitled-design-30.jpg&#8221; title_text=&#8221;Untitled design (30)&#8221; show_in_lightbox=&#8221;on&#8221; force_fullwidth=&#8221;on&#8221; align_tablet=&#8221;center&#8221; align_phone=&#8221;&#8221; align_last_edited=&#8221;on|desktop&#8221; _builder_version=&#8221;4.16&#8243; animation_style=&#8221;zoom&#8221; animation_delay=&#8221;300ms&#8221; animation_intensity_zoom=&#8221;10%&#8221; locked=&#8221;off&#8221; global_colors_info=&#8221;{}&#8221;][\/et_pb_image][\/et_pb_column][\/et_pb_row][\/et_pb_section][et_pb_section fb_built=&#8221;1&#8243; _builder_version=&#8221;4.16&#8243; custom_padding=&#8221;2px||14px|||&#8221; global_colors_info=&#8221;{}&#8221;][et_pb_row _builder_version=&#8221;4.16&#8243; _module_preset=&#8221;default&#8221; global_colors_info=&#8221;{}&#8221;][et_pb_column type=&#8221;4_4&#8243; _builder_version=&#8221;4.16&#8243; _module_preset=&#8221;default&#8221; global_colors_info=&#8221;{}&#8221;][et_pb_button button_url=&#8221;https:\/\/ivechile.com\/tours\/&#8221; button_text=&#8221;VOLVER A TOURS&#8221; button_alignment=&#8221;center&#8221; _builder_version=&#8221;4.16&#8243; _module_preset=&#8221;default&#8221; custom_button=&#8221;on&#8221; button_text_color=&#8221;#FFFFFF&#8221; button_bg_color=&#8221;#8e1735&#8243; button_border_width=&#8221;0px&#8221; button_border_radius=&#8221;56px&#8221; button_font=&#8221;Roboto|700|||||||&#8221; global_colors_info=&#8221;{}&#8221;][\/et_pb_button][\/et_pb_column][\/et_pb_row][\/et_pb_section]<\/p>\n","protected":false},"excerpt":{"rendered":"<p>3 d\u00edas\/2 noches (2 &#8211; 6 participantes)\u00a0 Temporada: octubre &#8211; abril de valle a valle Una experiencia activa y desafiante !!! 3 d\u00edas\/2 noches (2 &#8211; 6 participantes)\u00a0\u00a0 Temporada: octubre &#8211; abril Una experiencia activa y desafiante !!! Durante este programa conoces y vives el soleado sector precordillerano de la Provincia del Huasco &#8211; un [&hellip;]<\/p>\n","protected":false},"author":1,"featured_media":0,"parent":0,"menu_order":0,"comment_status":"closed","ping_status":"closed","template":"","meta":{"nf_dc_page":"","_et_pb_use_builder":"on","_et_pb_old_content":"","_et_gb_content_width":"","_joinchat":[],"footnotes":""},"class_list":["post-593","page","type-page","status-publish","hentry"],"_links":{"self":[{"href":"https:\/\/ivechile.com\/en\/wp-json\/wp\/v2\/pages\/593","targetHints":{"allow":["GET"]}}],"collection":[{"href":"https:\/\/ivechile.com\/en\/wp-json\/wp\/v2\/pages"}],"about":[{"href":"https:\/\/ivechile.com\/en\/wp-json\/wp\/v2\/types\/page"}],"author":[{"embeddable":true,"href":"https:\/\/ivechile.com\/en\/wp-json\/wp\/v2\/users\/1"}],"replies":[{"embeddable":true,"href":"https:\/\/ivechile.com\/en\/wp-json\/wp\/v2\/comments?post=593"}],"version-history":[{"count":4,"href":"https:\/\/ivechile.com\/en\/wp-json\/wp\/v2\/pages\/593\/revisions"}],"predecessor-version":[{"id":1336,"href":"https:\/\/ivechile.com\/en\/wp-json\/wp\/v2\/pages\/593\/revisions\/1336"}],"wp:attachment":[{"href":"https:\/\/ivechile.com\/en\/wp-json\/wp\/v2\/media?parent=593"}],"curies":[{"name":"wp","href":"https:\/\/api.w.org\/{rel}","templated":true}]}}