{"id":582,"date":"2021-10-05T01:48:15","date_gmt":"2021-10-04T21:48:15","guid":{"rendered":"https:\/\/ivechile.com\/?page_id=582"},"modified":"2025-04-07T05:23:51","modified_gmt":"2025-04-07T01:23:51","slug":"olivos-oceano-cactus","status":"publish","type":"page","link":"https:\/\/ivechile.com\/en\/olivos-oceano-cactus\/","title":{"rendered":"Olives, Ocean and Cacti"},"content":{"rendered":"<p>[et_pb_section fb_built=&#8221;1&#8243; fullwidth=&#8221;on&#8221; admin_label=&#8221;Hero Section&#8221; _builder_version=&#8221;4.16&#8243; background_color=&#8221;#233b4e&#8221; background_enable_image=&#8221;off&#8221; parallax=&#8221;on&#8221; custom_padding=&#8221;0px|0px|0px|0px&#8221; global_colors_info=&#8221;{}&#8221;][et_pb_fullwidth_header title=&#8221;olivos, oc\u00e9ano y c\u00e1ctus&#8221; header_fullscreen=&#8221;on&#8221; background_overlay_color=&#8221;rgba(29,38,51,0.7)&#8221; content_max_width=&#8221;700px&#8221; admin_label=&#8221;Hero&#8221; _builder_version=&#8221;4.16&#8243; title_font=&#8221;Oswald|on||on|&#8221; title_font_size=&#8221;54px&#8221; title_line_height=&#8221;1.3em&#8221; content_font=&#8221;Roboto||||&#8221; content_font_size=&#8221;20px&#8221; background_color=&#8221;rgba(255, 255, 255, 0)&#8221; background_image=&#8221;https:\/\/ivechile.com\/wp-content\/uploads\/2021\/10\/Untitled-design-3.jpg&#8221; custom_button_one=&#8221;on&#8221; button_one_border_radius=&#8221;0px&#8221; button_one_letter_spacing=&#8221;4px&#8221; button_one_font=&#8221;Oswald|on||on|&#8221; button_one_icon=&#8221;&#x24;||divi||400&#8243; button_one_icon_color=&#8221;#ffffff&#8221; animation_style=&#8221;zoom&#8221; animation_direction=&#8221;bottom&#8221; animation_intensity_zoom=&#8221;4%&#8221; button_one_text_color_hover=&#8221;#ffffff&#8221; button_one_border_color_hover=&#8221;#ffffff&#8221; button_one_border_radius_hover=&#8221;0px&#8221; button_one_letter_spacing_hover=&#8221;4px&#8221; button_one_bg_color_hover=&#8221;rgba(0,0,0,0)&#8221; global_colors_info=&#8221;{}&#8221; button_one_text_size__hover_enabled=&#8221;off&#8221; button_two_text_size__hover_enabled=&#8221;off&#8221; button_one_text_color__hover_enabled=&#8221;on&#8221; button_one_text_color__hover=&#8221;#ffffff&#8221; button_two_text_color__hover_enabled=&#8221;off&#8221; button_one_border_width__hover_enabled=&#8221;off&#8221; button_two_border_width__hover_enabled=&#8221;off&#8221; button_one_border_color__hover_enabled=&#8221;on&#8221; button_one_border_color__hover=&#8221;#ffffff&#8221; button_two_border_color__hover_enabled=&#8221;off&#8221; button_one_border_radius__hover_enabled=&#8221;on&#8221; button_one_border_radius__hover=&#8221;0px&#8221; button_two_border_radius__hover_enabled=&#8221;off&#8221; button_one_letter_spacing__hover_enabled=&#8221;on&#8221; button_one_letter_spacing__hover=&#8221;4px&#8221; button_two_letter_spacing__hover_enabled=&#8221;off&#8221; button_one_bg_color__hover_enabled=&#8221;on&#8221; button_one_bg_color__hover=&#8221;rgba(0,0,0,0)&#8221; button_two_bg_color__hover_enabled=&#8221;off&#8221;]<\/p>\n<div data-pm-slice=\"1 1 []\" data-en-clipboard=\"true\">\n<div data-pm-slice=\"1 1 []\" data-en-clipboard=\"true\"><span>D\u00eda completo (2 \u2013 8 participantes) <\/span><\/div>\n<div data-pm-slice=\"1 1 []\" data-en-clipboard=\"true\"><span>Temporada: Posible durante todo el a\u00f1o<\/span><\/div>\n<\/div>\n<div><\/div>\n<p>[\/et_pb_fullwidth_header][\/et_pb_section][et_pb_section fb_built=&#8221;1&#8243; _builder_version=&#8221;4.16&#8243; background_color=&#8221;#FFFFFF&#8221; custom_padding=&#8221;110px||45px|||&#8221; global_colors_info=&#8221;{}&#8221;][et_pb_row column_structure=&#8221;1_2,1_2&#8243; _builder_version=&#8221;4.16&#8243; global_colors_info=&#8221;{}&#8221;][et_pb_column type=&#8221;1_2&#8243; _builder_version=&#8221;4.16&#8243; custom_padding=&#8221;|||&#8221; global_colors_info=&#8221;{}&#8221; custom_padding__hover=&#8221;|||&#8221;][et_pb_text admin_label=&#8221;Top Destination Title&#8221; _builder_version=&#8221;4.16&#8243; text_font=&#8221;||||&#8221; text_text_color=&#8221;#1a1a1a&#8221; header_font=&#8221;Oswald|on||on|&#8221; header_text_align=&#8221;left&#8221; header_font_size=&#8221;48px&#8221; header_line_height=&#8221;1.3em&#8221; custom_margin=&#8221;||1px|||&#8221; custom_padding=&#8221;|||&#8221; animation_style=&#8221;slide&#8221; animation_direction=&#8221;top&#8221; animation_intensity_slide=&#8221;10%&#8221; locked=&#8221;off&#8221; global_colors_info=&#8221;{}&#8221;]<\/p>\n<h1>Olivos, oc\u00e9ano y c\u00e1ctus<\/h1>\n<p>[\/et_pb_text][et_pb_divider color=&#8221;#8e1735&#8243; divider_position=&#8221;center&#8221; divider_weight=&#8221;3px&#8221; disabled_on=&#8221;off|off|off&#8221; _builder_version=&#8221;4.16&#8243; max_width=&#8221;150px&#8221; height=&#8221;false&#8221; animation_style=&#8221;slide&#8221; animation_direction=&#8221;top&#8221; animation_delay=&#8221;100ms&#8221; animation_intensity_slide=&#8221;10%&#8221; locked=&#8221;off&#8221; global_colors_info=&#8221;{}&#8221;][\/et_pb_divider][et_pb_text admin_label=&#8221;Top Destination Sub Title&#8221; _builder_version=&#8221;4.16&#8243; text_font=&#8221;Roboto||||&#8221; text_text_color=&#8221;#333333&#8243; text_font_size=&#8221;24px&#8221; text_line_height=&#8221;1.4em&#8221; custom_margin=&#8221;-16px|||||&#8221; custom_padding=&#8221;1px|||||&#8221; animation_style=&#8221;slide&#8221; animation_direction=&#8221;top&#8221; animation_delay=&#8221;200ms&#8221; animation_intensity_slide=&#8221;10%&#8221; locked=&#8221;off&#8221; global_colors_info=&#8221;{}&#8221;]<\/p>\n<div data-pm-slice=\"1 1 []\" data-en-clipboard=\"true\"><span>El Sur de la Regi\u00f3n de Atacama destaca por sus eternas playas, sus bellezas esc\u00e9nicas, su olivicultura y sus deliciosos productos derivados de la aceituna.<\/span><\/div>\n<p>[\/et_pb_text][et_pb_image src=&#8221;https:\/\/ivechile.com\/wp-content\/uploads\/2021\/10\/32.jpg&#8221; title_text=&#8221;32&#8243; disabled_on=&#8221;on|on|off&#8221; _builder_version=&#8221;4.16&#8243; _module_preset=&#8221;default&#8221; global_colors_info=&#8221;{}&#8221;][\/et_pb_image][\/et_pb_column][et_pb_column type=&#8221;1_2&#8243; _builder_version=&#8221;4.16&#8243; custom_padding=&#8221;|||&#8221; global_colors_info=&#8221;{}&#8221; custom_padding__hover=&#8221;|||&#8221;][et_pb_accordion open_toggle_text_color=&#8221;#333333&#8243; open_toggle_background_color=&#8221;#FFFFFF&#8221; closed_toggle_background_color=&#8221;#FFFFFF&#8221; _builder_version=&#8221;4.16&#8243; _module_preset=&#8221;default&#8221; toggle_font=&#8221;Roboto|700|||||||&#8221; border_radii=&#8221;on|16px|16px|16px|16px&#8221; box_shadow_style=&#8221;preset3&#8243; global_colors_info=&#8221;{}&#8221;][et_pb_accordion_item title=&#8221;Olivos, Oc\u00e9ano y Cactus&#8221; _builder_version=&#8221;4.16&#8243; _module_preset=&#8221;default&#8221; global_colors_info=&#8221;{}&#8221; open=&#8221;off&#8221;]<\/p>\n<div data-pm-slice=\"1 1 []\" data-en-clipboard=\"true\">\n<div data-pm-slice=\"1 1 []\" data-en-clipboard=\"true\">\n<div data-pm-slice=\"1 1 []\" data-en-clipboard=\"true\">\n<div data-pm-slice=\"1 1 []\" data-en-clipboard=\"true\"><span>y El sector costero de la Provincia del Huasco en el Sur de la Regi\u00f3n de Atacama destaca por sus eternas playas, sus bellezas esc\u00e9nicas, su olivicultura y sus deliciosos productos derivados de la aceituna. El ya famoso aceite de oliva del Valle del Huasco incluso obtuvo el reconocimiento de Denominaci\u00f3n de Origen en 2018 y desde entonces cuenta con su propio sello respectivo.<\/span><\/div>\n<div><\/div>\n<div><span>Conocemos la peque\u00f1a ciudad de Freirina \u2013 lugar lleno de historia, que nos espera con su bella plaza y sus monumentos nacionales. El Parque Nacional Llanos de Challe nos ofrece una muestra del ecosistema de esta \u00e1rea. Durante una\u00a0 caminata de 2 km podemos asombrarnos de las impresionantes vistas, la flora des\u00e9rtica y extra\u00f1as formaciones geol\u00f3gicas. Con algo de suerte tambi\u00e9n podemos observar algunos animales silvestres como p.ej. guanacos, zorros, lagartos etc. \u00a0En los Olivos Centenarios caminamos por debajo de los olivos m\u00e1s antiguos del Valle del Huasco que alcanzan casi los 500 a\u00f1os de edad.\u00a0 Aprendemos sobre la olivicultura y la historia familiar de los due\u00f1os de este lugar y terminamos con una degustaci\u00f3n de aceitunas y una cata de aceites de oliva. Durante el trayecto del tour est\u00e1 la opci\u00f3n de breves stops para visitar las salas de venta de productores locales de productos t\u00edpicos.<\/span><\/div>\n<\/div>\n<\/div>\n<\/div>\n<p>[\/et_pb_accordion_item][et_pb_accordion_item title=&#8221;Itinerario&#8221; _builder_version=&#8221;4.16&#8243; _module_preset=&#8221;default&#8221; global_colors_info=&#8221;{}&#8221; open=&#8221;off&#8221;]<\/p>\n<div data-pm-slice=\"1 1 []\" data-en-clipboard=\"true\">\n<div data-pm-slice=\"1 1 []\" data-en-clipboard=\"true\">\n<div data-pm-slice=\"1 1 []\" data-en-clipboard=\"true\">\n<div data-pm-slice=\"1 1 []\" data-en-clipboard=\"true\">Salida Vallenar: 08.30 hrs. \u2013 Freirina (plaza con monumentos nacionales) \u2013 Parque Nacional Llanos de Challe (caminata de 2 km \u2013 dificultad mediana) \u2013 Huasco puerto (muelle de pescadores y almuerzo) \u2013 Olivos Centenarios Huasco Bajo (recorrido guiado por olivos a\u00f1osos y degustaci\u00f3n de aceitunas y aceites) \u2013 Llegada Vallenar: 18.00 hrs. aprox.<\/div>\n<div><\/div>\n<div><span>Recorrido total: 170 km aprox.<\/span><\/div>\n<\/div>\n<\/div>\n<\/div>\n<p>[\/et_pb_accordion_item][et_pb_accordion_item title=&#8221;Debes Saber&#8221; _builder_version=&#8221;4.16&#8243; _module_preset=&#8221;default&#8221; global_colors_info=&#8221;{}&#8221; open=&#8221;off&#8221;]<\/p>\n<div data-pm-slice=\"1 1 []\" data-en-clipboard=\"true\">\n<div data-pm-slice=\"1 1 []\" data-en-clipboard=\"true\">\n<div data-pm-slice=\"1 1 []\" data-en-clipboard=\"true\">\n<div data-pm-slice=\"0 1 []\" data-en-clipboard=\"true\">\n<div data-pm-slice=\"1 1 []\" data-en-clipboard=\"true\"><span style=\"text-decoration: underline;\"><strong>Incluye:<\/strong><\/span> Transporte privado durante el tour completo, agua para beber, gu\u00eda-chofer certificado SERNATUR de habla espa\u00f1ol, entrada Parque Nacional Llanos de Challe, almuerzo men\u00fa con agua o bebida o copa de vino, tour guiado Olivos Centenarios con degustaci\u00f3n, snack con productos locales<\/div>\n<div><\/div>\n<div><strong>Opcional <\/strong><span>(valor adicional): gu\u00eda de habla ingl\u00e9s o alem\u00e1n<\/span><\/div>\n<div><\/div>\n<div><b><span><u>No incluye:<\/u><\/span><\/b>\u00a0 <span>seguro, otros alimentos que los mencionados, protecci\u00f3n solar<\/span><\/div>\n<div><span><\/span><\/div>\n<div><strong><strong>Debes llevar: <\/strong><\/strong>Zapatos c\u00f3modos para caminar, Protecci\u00f3n solar (gorro, lentes, bloqueador), Chaqueta cortaviento\u00a0<\/div>\n<div><span><\/span><\/div>\n<\/div>\n<\/div>\n<\/div>\n<\/div>\n<p>[\/et_pb_accordion_item][et_pb_accordion_item title=&#8221;Valores&#8221; open=&#8221;on&#8221; _builder_version=&#8221;4.16&#8243; _module_preset=&#8221;default&#8221; global_colors_info=&#8221;{}&#8221;]<\/p>\n<div data-pm-slice=\"1 1 []\" data-en-clipboard=\"true\">\n<div data-pm-slice=\"1 1 []\" data-en-clipboard=\"true\">\n<div data-pm-slice=\"1 1 []\" data-en-clipboard=\"true\">\n<div data-pm-slice=\"1 1 []\" data-en-clipboard=\"true\"><b><span><\/span><\/b><\/div>\n<div data-pm-slice=\"1 1 []\" data-en-clipboard=\"true\"><b><span>Valor por persona IVA incl.:\u00a0<\/span><\/b><\/div>\n<div><\/div>\n<div><span>2 participantes: $ 150.000\u00a0 \u00a0<\/span><\/div>\n<div><\/div>\n<div><span>3 o 4 participantes: $ 120.000\u00a0 \u00a0<\/span><\/div>\n<div><\/div>\n<div><span>5 o 6 participantes: $ 99.000\u00a0 \u00a0<\/span><\/div>\n<div><\/div>\n<div><span>7 o 8 participantes: $ 82.000\u00a0<\/span><\/div>\n<div><\/div>\n<div><b><span>Versi\u00f3n Auto-Recorrido (incluye gu\u00eda acompa\u00f1ante y lo mismo que indicado arriba menos el transporte):<\/span><\/b><\/div>\n<div><\/div>\n<div><span>1 participante: $ 160.000<\/span><\/div>\n<div><\/div>\n<div><span>2 o 3 participantes: $ 108.000<\/span><\/div>\n<div><\/div>\n<div><span>4 a 6 participantes: $ 73.000\u00a0<\/span><\/div>\n<div><span><\/span><\/div>\n<div><\/div>\n<div marginbottom=\"15\"><\/div>\n<div marginbottom=\"15\"><b><i><span>\u00a1\u00a1\u00a1 Los servicios son sujeto a disponibilidad en el momento de la reserva !!!<\/span><\/i><\/b><\/div>\n<p><em style=\"font-size: 14px;\"><b> \u00a0<\/b><\/em><\/p>\n<\/div>\n<\/div>\n<div><\/div>\n<div><span><\/span><\/div>\n<\/div>\n<p>[\/et_pb_accordion_item][\/et_pb_accordion][et_pb_button button_url=&#8221;https:\/\/wa.me\/56992830643?text=%C2%A1Hola!%20%F0%9F%98%8AMe%20gustar%C3%ADa%20reservar%20el%20tour%20Olivos,%20oc%C3%A9ano%20y%20cactus.%20%C2%BFPodr%C3%ADan%20darme%20m%C3%A1s%20informaci%C3%B3n%20sobre%20las%20opciones%20disponibles%20y%20c%C3%B3mo%20puedo%20hacer%20la%20reserva?%C2%A1Gracias!&#8221; button_text=&#8221;RESERVAR&#8221; button_alignment=&#8221;left&#8221; _builder_version=&#8221;4.25.1&#8243; _module_preset=&#8221;default&#8221; custom_button=&#8221;on&#8221; button_text_color=&#8221;#FFFFFF&#8221; button_bg_color=&#8221;#8e1735&#8243; button_border_width=&#8221;0px&#8221; button_border_radius=&#8221;56px&#8221; button_font=&#8221;Roboto|700|||||||&#8221; global_colors_info=&#8221;{}&#8221;][\/et_pb_button][\/et_pb_column][\/et_pb_row][et_pb_row column_structure=&#8221;1_4,1_4,1_4,1_4&#8243; use_custom_gutter=&#8221;on&#8221; gutter_width=&#8221;1&#8243; make_equal=&#8221;on&#8221; admin_label=&#8221;Gallery&#8221; module_class=&#8221; et_pb_row_fullwidth&#8221; _builder_version=&#8221;4.16&#8243; width=&#8221;100%&#8221; width_tablet=&#8221;100%&#8221; width_phone=&#8221;&#8221; width_last_edited=&#8221;on|desktop&#8221; max_width=&#8221;100%&#8221; max_width_tablet=&#8221;100%&#8221; max_width_phone=&#8221;&#8221; max_width_last_edited=&#8221;on|desktop&#8221; custom_padding=&#8221;|||&#8221; make_fullwidth=&#8221;on&#8221; global_colors_info=&#8221;{}&#8221;][et_pb_column type=&#8221;1_4&#8243; _builder_version=&#8221;4.16&#8243; custom_padding=&#8221;|||&#8221; global_colors_info=&#8221;{}&#8221; custom_padding__hover=&#8221;|||&#8221;][et_pb_image src=&#8221;https:\/\/ivechile.com\/wp-content\/uploads\/2021\/10\/33.jpg&#8221; title_text=&#8221;33&#8243; show_in_lightbox=&#8221;on&#8221; force_fullwidth=&#8221;on&#8221; align_tablet=&#8221;center&#8221; align_phone=&#8221;&#8221; align_last_edited=&#8221;on|desktop&#8221; _builder_version=&#8221;4.16&#8243; animation_style=&#8221;zoom&#8221; animation_intensity_zoom=&#8221;10%&#8221; global_colors_info=&#8221;{}&#8221;][\/et_pb_image][\/et_pb_column][et_pb_column type=&#8221;1_4&#8243; _builder_version=&#8221;4.16&#8243; custom_padding=&#8221;|||&#8221; global_colors_info=&#8221;{}&#8221; custom_padding__hover=&#8221;|||&#8221;][et_pb_image src=&#8221;https:\/\/ivechile.com\/wp-content\/uploads\/2021\/10\/29.jpg&#8221; title_text=&#8221;29&#8243; show_in_lightbox=&#8221;on&#8221; force_fullwidth=&#8221;on&#8221; align_tablet=&#8221;center&#8221; align_phone=&#8221;&#8221; align_last_edited=&#8221;on|desktop&#8221; _builder_version=&#8221;4.16&#8243; animation_style=&#8221;zoom&#8221; animation_delay=&#8221;100ms&#8221; animation_intensity_zoom=&#8221;10%&#8221; locked=&#8221;off&#8221; global_colors_info=&#8221;{}&#8221;][\/et_pb_image][\/et_pb_column][et_pb_column type=&#8221;1_4&#8243; _builder_version=&#8221;4.16&#8243; custom_padding=&#8221;|||&#8221; global_colors_info=&#8221;{}&#8221; custom_padding__hover=&#8221;|||&#8221;][et_pb_image src=&#8221;https:\/\/ivechile.com\/wp-content\/uploads\/2021\/10\/31.jpg&#8221; title_text=&#8221;31&#8243; show_in_lightbox=&#8221;on&#8221; force_fullwidth=&#8221;on&#8221; align_tablet=&#8221;center&#8221; align_phone=&#8221;&#8221; align_last_edited=&#8221;on|desktop&#8221; _builder_version=&#8221;4.16&#8243; animation_style=&#8221;zoom&#8221; animation_delay=&#8221;200ms&#8221; animation_intensity_zoom=&#8221;10%&#8221; locked=&#8221;off&#8221; global_colors_info=&#8221;{}&#8221;][\/et_pb_image][\/et_pb_column][et_pb_column type=&#8221;1_4&#8243; _builder_version=&#8221;4.16&#8243; custom_padding=&#8221;|||&#8221; global_colors_info=&#8221;{}&#8221; custom_padding__hover=&#8221;|||&#8221;][et_pb_image src=&#8221;https:\/\/ivechile.com\/wp-content\/uploads\/2021\/10\/30.jpg&#8221; title_text=&#8221;30&#8243; show_in_lightbox=&#8221;on&#8221; force_fullwidth=&#8221;on&#8221; align_tablet=&#8221;center&#8221; align_phone=&#8221;&#8221; align_last_edited=&#8221;on|desktop&#8221; _builder_version=&#8221;4.16&#8243; animation_style=&#8221;zoom&#8221; animation_delay=&#8221;300ms&#8221; animation_intensity_zoom=&#8221;10%&#8221; locked=&#8221;off&#8221; global_colors_info=&#8221;{}&#8221;][\/et_pb_image][\/et_pb_column][\/et_pb_row][\/et_pb_section][et_pb_section fb_built=&#8221;1&#8243; _builder_version=&#8221;4.16&#8243; custom_padding=&#8221;2px||14px|||&#8221; global_colors_info=&#8221;{}&#8221;][et_pb_row _builder_version=&#8221;4.16&#8243; _module_preset=&#8221;default&#8221; global_colors_info=&#8221;{}&#8221;][et_pb_column type=&#8221;4_4&#8243; _builder_version=&#8221;4.16&#8243; _module_preset=&#8221;default&#8221; global_colors_info=&#8221;{}&#8221;][et_pb_button button_url=&#8221;https:\/\/ivechile.com\/tours\/&#8221; button_text=&#8221;VOLVER A TOURS&#8221; button_alignment=&#8221;center&#8221; _builder_version=&#8221;4.16&#8243; _module_preset=&#8221;default&#8221; custom_button=&#8221;on&#8221; button_text_color=&#8221;#FFFFFF&#8221; button_bg_color=&#8221;#8e1735&#8243; button_border_width=&#8221;0px&#8221; button_border_radius=&#8221;56px&#8221; button_font=&#8221;Roboto|700|||||||&#8221; global_colors_info=&#8221;{}&#8221;][\/et_pb_button][\/et_pb_column][\/et_pb_row][\/et_pb_section]<\/p>\n","protected":false},"excerpt":{"rendered":"<p>D\u00eda completo (2 \u2013 8 participantes) Temporada: Posible durante todo el a\u00f1o Olivos, oc\u00e9ano y c\u00e1ctusEl Sur de la Regi\u00f3n de Atacama destaca por sus eternas playas, sus bellezas esc\u00e9nicas, su olivicultura y sus deliciosos productos derivados de la aceituna. y El sector costero de la Provincia del Huasco en el Sur de la Regi\u00f3n [&hellip;]<\/p>\n","protected":false},"author":1,"featured_media":0,"parent":0,"menu_order":0,"comment_status":"closed","ping_status":"closed","template":"","meta":{"nf_dc_page":"","_et_pb_use_builder":"on","_et_pb_old_content":"","_et_gb_content_width":"","_joinchat":[],"footnotes":""},"class_list":["post-582","page","type-page","status-publish","hentry"],"_links":{"self":[{"href":"https:\/\/ivechile.com\/en\/wp-json\/wp\/v2\/pages\/582","targetHints":{"allow":["GET"]}}],"collection":[{"href":"https:\/\/ivechile.com\/en\/wp-json\/wp\/v2\/pages"}],"about":[{"href":"https:\/\/ivechile.com\/en\/wp-json\/wp\/v2\/types\/page"}],"author":[{"embeddable":true,"href":"https:\/\/ivechile.com\/en\/wp-json\/wp\/v2\/users\/1"}],"replies":[{"embeddable":true,"href":"https:\/\/ivechile.com\/en\/wp-json\/wp\/v2\/comments?post=582"}],"version-history":[{"count":4,"href":"https:\/\/ivechile.com\/en\/wp-json\/wp\/v2\/pages\/582\/revisions"}],"predecessor-version":[{"id":1325,"href":"https:\/\/ivechile.com\/en\/wp-json\/wp\/v2\/pages\/582\/revisions\/1325"}],"wp:attachment":[{"href":"https:\/\/ivechile.com\/en\/wp-json\/wp\/v2\/media?parent=582"}],"curies":[{"name":"wp","href":"https:\/\/api.w.org\/{rel}","templated":true}]}}