{"id":375,"date":"2021-10-02T05:37:45","date_gmt":"2021-10-02T01:37:45","guid":{"rendered":"https:\/\/ivechile.com\/?page_id=375"},"modified":"2024-06-01T09:19:42","modified_gmt":"2024-06-01T05:19:42","slug":"informacion","status":"publish","type":"page","link":"https:\/\/ivechile.com\/en\/informacion\/","title":{"rendered":"Information"},"content":{"rendered":"<p>[et_pb_section fb_built=&#8221;1&#8243; _builder_version=&#8221;4.16&#8243; background_enable_color=&#8221;off&#8221; custom_padding=&#8221;110px||15px|||&#8221; global_colors_info=&#8221;{}&#8221;][et_pb_row column_structure=&#8221;1_2,1_2&#8243; _builder_version=&#8221;4.16&#8243; global_colors_info=&#8221;{}&#8221;][et_pb_column type=&#8221;1_2&#8243; _builder_version=&#8221;4.16&#8243; custom_padding=&#8221;|||&#8221; global_colors_info=&#8221;{}&#8221; custom_padding__hover=&#8221;|||&#8221;][et_pb_text admin_label=&#8221;Top Destination Title&#8221; _builder_version=&#8221;4.16&#8243; text_font=&#8221;||||&#8221; text_text_color=&#8221;#1a1a1a&#8221; header_font=&#8221;Oswald|on||on|&#8221; header_text_align=&#8221;left&#8221; header_font_size=&#8221;43px&#8221; header_line_height=&#8221;1.3em&#8221; custom_margin=&#8221;||14px|||&#8221; custom_padding=&#8221;|||&#8221; animation_style=&#8221;slide&#8221; animation_direction=&#8221;top&#8221; animation_intensity_slide=&#8221;10%&#8221; locked=&#8221;off&#8221; global_colors_info=&#8221;{}&#8221;]<\/p>\n<h1>Informaci\u00f3n \u00fatil<\/h1>\n<p>[\/et_pb_text][et_pb_divider color=&#8221;#8e1735&#8243; divider_position=&#8221;center&#8221; divider_weight=&#8221;3px&#8221; disabled_on=&#8221;off|off|off&#8221; _builder_version=&#8221;4.16&#8243; max_width=&#8221;150px&#8221; height=&#8221;false&#8221; animation_style=&#8221;slide&#8221; animation_direction=&#8221;top&#8221; animation_delay=&#8221;100ms&#8221; animation_intensity_slide=&#8221;10%&#8221; locked=&#8221;off&#8221; global_colors_info=&#8221;{}&#8221;][\/et_pb_divider][et_pb_text admin_label=&#8221;Top Destination Sub Title&#8221; _builder_version=&#8221;4.16&#8243; text_font=&#8221;Roboto||||&#8221; text_text_color=&#8221;#1a1a1a&#8221; text_font_size=&#8221;24px&#8221; text_line_height=&#8221;1.4em&#8221; custom_padding=&#8221;0px|||||&#8221; animation_style=&#8221;slide&#8221; animation_direction=&#8221;top&#8221; animation_delay=&#8221;200ms&#8221; animation_intensity_slide=&#8221;10%&#8221; locked=&#8221;off&#8221; global_colors_info=&#8221;{}&#8221;]<\/p>\n<p>Informaci\u00f3n \u00fatil para viajeros y turistas que visitan la zona<\/p>\n<p>[\/et_pb_text][\/et_pb_column][et_pb_column type=&#8221;1_2&#8243; _builder_version=&#8221;4.16&#8243; custom_padding=&#8221;|||&#8221; global_colors_info=&#8221;{}&#8221; custom_padding__hover=&#8221;|||&#8221;][et_pb_text admin_label=&#8221;Top Destination Text&#8221; _builder_version=&#8221;4.16&#8243; text_font=&#8221;Roboto||||&#8221; text_font_size=&#8221;16px&#8221; text_line_height=&#8221;1.9em&#8221; custom_padding=&#8221;||27px|||&#8221; animation_style=&#8221;slide&#8221; animation_direction=&#8221;top&#8221; animation_intensity_slide=&#8221;4%&#8221; locked=&#8221;off&#8221; global_colors_info=&#8221;{}&#8221;]<\/p>\n<p>A tu visita al Valle del Huasco te recomendamos llevar:<\/p>\n<ul>\n<li>Gorro y gafas de sol y bloqueador solar<\/li>\n<li>Chaqueta cortaviento (especialmente para el sector costero)<\/li>\n<li>C\u00e1mara fotogr\u00e1fica<\/li>\n<li>Para tours y excursiones: suficiente agua para tomar<\/li>\n<\/ul>\n<p>Si visitas la comuna de Alto del Carmen tenga en cuenta que:<\/p>\n<ul>\n<li>No tiene gasolinera por lo que se recomienda cargar combustible en Vallenar si viajas en tu propio veh\u00edculo o veh\u00edculo arrendado<\/li>\n<li>No tiene banco ni supermercado grande.<\/li>\n<\/ul>\n<p>S\u00ed, hay diversos negocitos chicos donde encuentras lo m\u00e1s b\u00e1sico<\/p>\n<p>Tambi\u00e9n hay muchos agricultores y productores locales que venden sus productos.<\/p>\n<p>En la ciudad de Alto del Carmen hay un cajero donde puedes hacer giros con las siguientes tarjetas: Redbank \/ Visa \/ Mastercard \/ Cirrus \/ La Polar \/ CMR \/ Presto<\/p>\n<ul>\n<li>En varias localidades el internet no es muy estable por lo que no hay opciones de pago con tarjeta y se recomienda llevar efectivo<\/li>\n<\/ul>\n<p>Desde Vallenar hay locomoci\u00f3n p\u00fablica a los diversos puntos de la Provincia en los siguientes puntos:<\/p>\n<ul>\n<li>Terminal Rural Calle Mara\u00f1on 1201:<\/li>\n<\/ul>\n<p>Alto del Carmen, Valle del Tr\u00e1nsito, Valle del Carmen, Domeyko, Cachiyuyo, Incahuasi.<\/p>\n<ul>\n<li>Paradero Calle Brazil\/Catorce de Julio (detr\u00e1s de estadio techado):<\/li>\n<\/ul>\n<p>Freirina, Huasco, Caleta Cha\u00f1aral de Aceituno, Carrizal Bajo, Parque Nacional Llanos de Challe.<\/p>\n<p>&nbsp;<\/p>\n<p>[\/et_pb_text][\/et_pb_column][\/et_pb_row][\/et_pb_section][et_pb_section fb_built=&#8221;1&#8243; _builder_version=&#8221;4.16&#8243; _module_preset=&#8221;default&#8221; background_color=&#8221;#f3faee&#8221; global_colors_info=&#8221;{}&#8221;][et_pb_row _builder_version=&#8221;4.16&#8243; _module_preset=&#8221;default&#8221; global_colors_info=&#8221;{}&#8221;][et_pb_column type=&#8221;4_4&#8243; _builder_version=&#8221;4.16&#8243; _module_preset=&#8221;default&#8221; global_colors_info=&#8221;{}&#8221;][et_pb_text _builder_version=&#8221;4.25.1&#8243; _module_preset=&#8221;default&#8221; text_orientation=&#8221;center&#8221; hover_enabled=&#8221;0&#8243; global_colors_info=&#8221;{}&#8221; sticky_enabled=&#8221;0&#8243;]<iframe src=\"https:\/\/www.google.com\/maps\/embed?pb=!1m18!1m12!1m3!1d3503.8422019398104!2d-70.7690001!3d-28.5745008!2m3!1f0!2f0!3f0!3m2!1i1024!2i768!4f13.1!3m3!1m2!1s0x969a0e5cd6b2431d%3A0xf51062910551f581!2sIndian%20Valley%20Explorers!5e0!3m2!1ses!2scl!4v1717219016346!5m2!1ses!2scl\" width=\"600\" height=\"450\" style=\"border:0;\" allowfullscreen=\"\" loading=\"lazy\" referrerpolicy=\"no-referrer-when-downgrade\"><\/iframe>[\/et_pb_text][\/et_pb_column][\/et_pb_row][\/et_pb_section]<\/p>\n","protected":false},"excerpt":{"rendered":"<p>Informaci\u00f3n \u00fatilInformaci\u00f3n \u00fatil para viajeros y turistas que visitan la zonaA tu visita al Valle del Huasco te recomendamos llevar: Gorro y gafas de sol y bloqueador solar Chaqueta cortaviento (especialmente para el sector costero) C\u00e1mara fotogr\u00e1fica Para tours y excursiones: suficiente agua para tomar Si visitas la comuna de Alto del Carmen tenga en [&hellip;]<\/p>\n","protected":false},"author":1,"featured_media":0,"parent":0,"menu_order":0,"comment_status":"closed","ping_status":"closed","template":"","meta":{"nf_dc_page":"","_et_pb_use_builder":"on","_et_pb_old_content":"","_et_gb_content_width":"","_joinchat":[],"footnotes":""},"class_list":["post-375","page","type-page","status-publish","hentry"],"_links":{"self":[{"href":"https:\/\/ivechile.com\/en\/wp-json\/wp\/v2\/pages\/375","targetHints":{"allow":["GET"]}}],"collection":[{"href":"https:\/\/ivechile.com\/en\/wp-json\/wp\/v2\/pages"}],"about":[{"href":"https:\/\/ivechile.com\/en\/wp-json\/wp\/v2\/types\/page"}],"author":[{"embeddable":true,"href":"https:\/\/ivechile.com\/en\/wp-json\/wp\/v2\/users\/1"}],"replies":[{"embeddable":true,"href":"https:\/\/ivechile.com\/en\/wp-json\/wp\/v2\/comments?post=375"}],"version-history":[{"count":5,"href":"https:\/\/ivechile.com\/en\/wp-json\/wp\/v2\/pages\/375\/revisions"}],"predecessor-version":[{"id":1219,"href":"https:\/\/ivechile.com\/en\/wp-json\/wp\/v2\/pages\/375\/revisions\/1219"}],"wp:attachment":[{"href":"https:\/\/ivechile.com\/en\/wp-json\/wp\/v2\/media?parent=375"}],"curies":[{"name":"wp","href":"https:\/\/api.w.org\/{rel}","templated":true}]}}