{"id":371,"date":"2021-10-02T05:37:05","date_gmt":"2021-10-02T01:37:05","guid":{"rendered":"https:\/\/ivechile.com\/?page_id=371"},"modified":"2025-05-10T21:23:25","modified_gmt":"2025-05-10T17:23:25","slug":"nosotros","status":"publish","type":"page","link":"https:\/\/ivechile.com\/en\/nosotros\/","title":{"rendered":"Our Company"},"content":{"rendered":"<p>[et_pb_section fb_built=&#8221;1&#8243; disabled_on=&#8221;on|on|off&#8221; admin_label=&#8221;section&#8221; _builder_version=&#8221;4.16&#8243; global_colors_info=&#8221;{}&#8221;][\/et_pb_section][et_pb_section fb_built=&#8221;1&#8243; admin_label=&#8221;Hero&#8221; _builder_version=&#8221;4.16&#8243; background_image=&#8221;https:\/\/ivechile.com\/wp-content\/uploads\/2021\/10\/Untitled-design-9.jpg&#8221; custom_padding=&#8221;110px|||&#8221; global_colors_info=&#8221;{}&#8221;][et_pb_row column_structure=&#8221;1_2,1_2&#8243; use_custom_gutter=&#8221;on&#8221; gutter_width=&#8221;1&#8243; module_class=&#8221; et_pb_row_fullwidth&#8221; _builder_version=&#8221;4.16&#8243; width=&#8221;100%&#8221; width_tablet=&#8221;100%&#8221; width_phone=&#8221;&#8221; width_last_edited=&#8221;on|desktop&#8221; max_width=&#8221;100%&#8221; max_width_tablet=&#8221;100%&#8221; max_width_phone=&#8221;&#8221; max_width_last_edited=&#8221;on|desktop&#8221; custom_margin=&#8221;|||&#8221; custom_padding=&#8221;|||&#8221; make_fullwidth=&#8221;on&#8221; global_colors_info=&#8221;{}&#8221;][et_pb_column type=&#8221;1_2&#8243; _builder_version=&#8221;4.16&#8243; background_position=&#8221;top_left&#8221; custom_padding=&#8221;|||&#8221; global_colors_info=&#8221;{}&#8221; custom_padding__hover=&#8221;|||&#8221;][\/et_pb_column][et_pb_column type=&#8221;1_2&#8243; _builder_version=&#8221;4.16&#8243; background_position=&#8221;top_left&#8221; custom_padding=&#8221;|10%||10%&#8221; global_colors_info=&#8221;{}&#8221; custom_padding__hover=&#8221;|||&#8221;][et_pb_text admin_label=&#8221;Hero Title&#8221; _builder_version=&#8221;4.16&#8243; text_font=&#8221;||||&#8221; text_text_color=&#8221;#1a1a1a&#8221; header_font=&#8221;Oswald|on||on|&#8221; header_text_align=&#8221;left&#8221; header_font_size=&#8221;60px&#8221; header_line_height=&#8221;1.3em&#8221; background_layout=&#8221;dark&#8221; max_width=&#8221;450px&#8221; custom_margin=&#8221;||-24px|||&#8221; custom_padding=&#8221;|||&#8221; animation_style=&#8221;slide&#8221; animation_direction=&#8221;top&#8221; animation_intensity_slide=&#8221;10%&#8221; locked=&#8221;off&#8221; global_colors_info=&#8221;{}&#8221;]<\/p>\n<h1>Nosotros<\/h1>\n<p>[\/et_pb_text][et_pb_divider color=&#8221;#8e1735&#8243; divider_position=&#8221;center&#8221; divider_weight=&#8221;3px&#8221; disabled_on=&#8221;on|on|off%22&#8243; _builder_version=&#8221;4.16&#8243; max_width=&#8221;150px&#8221; height=&#8221;false&#8221; custom_margin=&#8221;30px|||&#8221; animation_style=&#8221;slide&#8221; animation_direction=&#8221;top&#8221; animation_delay=&#8221;100ms&#8221; animation_intensity_slide=&#8221;10%&#8221; locked=&#8221;off&#8221; global_colors_info=&#8221;{}&#8221;][\/et_pb_divider][et_pb_text admin_label=&#8221;Hero Text&#8221; _builder_version=&#8221;4.16&#8243; text_font=&#8221;Roboto||||&#8221; text_font_size=&#8221;16px&#8221; text_line_height=&#8221;1.9em&#8221; background_size=&#8221;initial&#8221; background_position=&#8221;top_left&#8221; background_repeat=&#8221;repeat&#8221; background_layout=&#8221;dark&#8221; max_width=&#8221;450px&#8221; custom_margin=&#8221;-8px|||||&#8221; custom_padding=&#8221;20px||60px|||&#8221; animation_style=&#8221;slide&#8221; animation_direction=&#8221;top&#8221; animation_delay=&#8221;400ms&#8221; animation_intensity_slide=&#8221;4%&#8221; locked=&#8221;off&#8221; global_colors_info=&#8221;{}&#8221;]<\/p>\n<div data-pm-slice=\"1 1 []\" data-en-clipboard=\"true\"><span>Indian Valley Explorers\u00a0 es un tour operador local en el Valle del Huasco &#8211; Regi\u00f3n Atacama Sur &#8211; Chile, creado el a\u00f1o 2012 por la pareja alemana-chilena Stefanie H\u00e4gele e Iv\u00e1n Torres.<\/span><\/div>\n<p>[\/et_pb_text][\/et_pb_column][\/et_pb_row][\/et_pb_section][et_pb_section fb_built=&#8221;1&#8243; admin_label=&#8221;Look Inside Section&#8221; _builder_version=&#8221;4.16&#8243; background_image=&#8221;https:\/\/ivechile.com\/wp-content\/uploads\/2021\/10\/Untitled-design-18.jpg&#8221; custom_padding=&#8221;0px||0px|&#8221; global_colors_info=&#8221;{}&#8221;][et_pb_row column_structure=&#8221;1_2,1_2&#8243; use_custom_gutter=&#8221;on&#8221; gutter_width=&#8221;1&#8243; make_equal=&#8221;on&#8221; module_class=&#8221; et_pb_row_fullwidth&#8221; _builder_version=&#8221;4.16&#8243; width=&#8221;100%&#8221; width_tablet=&#8221;100%&#8221; width_phone=&#8221;&#8221; width_last_edited=&#8221;on|desktop&#8221; max_width=&#8221;100%&#8221; max_width_tablet=&#8221;100%&#8221; max_width_phone=&#8221;&#8221; max_width_last_edited=&#8221;on|desktop&#8221; custom_padding=&#8221;0px||0px|&#8221; make_fullwidth=&#8221;on&#8221; global_colors_info=&#8221;{}&#8221;][et_pb_column type=&#8221;1_2&#8243; _builder_version=&#8221;4.16&#8243; use_background_color_gradient=&#8221;on&#8221; background_color_gradient_stops=&#8221;#ffffff 0%|rgba(255,255,255,0.85) 50%&#8221; background_color_gradient_start=&#8221;#ffffff&#8221; background_color_gradient_end=&#8221;rgba(255,255,255,0.85)&#8221; background_color_gradient_end_position=&#8221;50%&#8221; parallax=&#8221;on&#8221; custom_padding=&#8221;8%|6%|6%|6%&#8221; global_colors_info=&#8221;{}&#8221; custom_padding__hover=&#8221;|||&#8221;][et_pb_text admin_label=&#8221;Title&#8221; _builder_version=&#8221;4.16&#8243; text_font=&#8221;||||&#8221; text_text_color=&#8221;#1a1a1a&#8221; header_font=&#8221;Oswald|on||on|&#8221; header_text_align=&#8221;left&#8221; header_font_size=&#8221;60px&#8221; header_line_height=&#8221;1.3em&#8221; max_width=&#8221;450px&#8221; custom_margin=&#8221;|||&#8221; custom_padding=&#8221;|||&#8221; animation_style=&#8221;slide&#8221; animation_direction=&#8221;top&#8221; animation_intensity_slide=&#8221;10%&#8221; locked=&#8221;off&#8221; global_colors_info=&#8221;{}&#8221;]<\/p>\n<h1><span>INDIAN VALLEY EXPLORERS<\/span><\/h1>\n<p>[\/et_pb_text][et_pb_divider color=&#8221;#8e1735&#8243; divider_position=&#8221;center&#8221; divider_weight=&#8221;3px&#8221; disabled_on=&#8221;on|on|off%22&#8243; _builder_version=&#8221;4.16&#8243; max_width=&#8221;150px&#8221; height=&#8221;false&#8221; custom_margin=&#8221;30px|||&#8221; animation_style=&#8221;slide&#8221; animation_direction=&#8221;top&#8221; animation_delay=&#8221;100ms&#8221; animation_intensity_slide=&#8221;10%&#8221; locked=&#8221;off&#8221; global_colors_info=&#8221;{}&#8221;][\/et_pb_divider][et_pb_text _builder_version=&#8221;4.16&#8243; text_font=&#8221;Roboto||||&#8221; text_font_size=&#8221;16px&#8221; text_line_height=&#8221;1.9em&#8221; background_size=&#8221;initial&#8221; background_position=&#8221;top_left&#8221; background_repeat=&#8221;repeat&#8221; max_width=&#8221;450px&#8221; custom_margin=&#8221;60|||&#8221; custom_padding=&#8221;||1px|||&#8221; animation_style=&#8221;slide&#8221; animation_direction=&#8221;top&#8221; animation_delay=&#8221;400ms&#8221; animation_intensity_slide=&#8221;4%&#8221; locked=&#8221;off&#8221; global_colors_info=&#8221;{}&#8221;]<\/p>\n<div><\/div>\n<div>\n<div data-pm-slice=\"1 1 []\" data-en-clipboard=\"true\">\n<p>Stefanie H\u00e4gele e Iv\u00e1n Torres, una fusi\u00f3n alemana-chilena \u201casentada\u201d de manera permanente en el Valle del Huasco, Regi\u00f3n de Atacama desde el 2008.<\/p>\n<p>Stefanie estudi\u00f3 publicidad gr\u00e1fica en Alemania. Ha viajado\u00a0como mochilera por distintos pa\u00edses de Europa, Asia y Am\u00e9rica del Sur. Desde el a\u00f1o 2003 est\u00e1 radicada en Chile donde empez\u00f3 a dedicarse en el \u00e1mbito laboral al turismo. El a\u00f1o 2012 form\u00f3 el Tour Operador local del Valle del Huasco Indian Valley Explorers donde hasta la actualidad tambi\u00e9n se desempe\u00f1a como gu\u00eda. Maneja los idiomas espa\u00f1ol, ingl\u00e9s y alem\u00e1n.<\/p>\n<p>Iv\u00e1n es nacido y crecido en el Valle del Huasco. \u00c9l pertenece a la etnia ind\u00edgena diaguita.\u00a0Estudi\u00f3 cultivo marino pero se dedica desde el 2004 al oficio de la orfebrer\u00eda. Viaj\u00f3 en diferentes pa\u00edses de Europa y Am\u00e9rica del Sur antes de instalar su propio taller orfebre en Chile. Fabrica joyas en plata, cobre y piedras semipreciosas y preciosas \u2013 en parte con aplicaciones \u00e9tnicas.<\/p>\n<\/div>\n<div><\/div>\n<div><\/div>\n<div><\/div>\n<div><\/div>\n<div>\n<div><\/div>\n<\/div>\n<div><span><\/span><\/div>\n<div><\/div>\n<div><span><\/span><\/div>\n<div><span><\/span><\/div>\n<div><span><\/span><\/div>\n<div><span><\/span><\/div>\n<div><span><\/span><\/div>\n<\/div>\n<p>[\/et_pb_text][et_pb_text _builder_version=&#8221;4.16&#8243; text_font=&#8221;Roboto||||&#8221; text_font_size=&#8221;16px&#8221; text_line_height=&#8221;1.9em&#8221; background_size=&#8221;initial&#8221; background_position=&#8221;top_left&#8221; background_repeat=&#8221;repeat&#8221; max_width=&#8221;450px&#8221; custom_margin=&#8221;12px|||||&#8221; custom_padding=&#8221;||60px|&#8221; animation_style=&#8221;slide&#8221; animation_direction=&#8221;top&#8221; animation_delay=&#8221;400ms&#8221; animation_intensity_slide=&#8221;4%&#8221; locked=&#8221;off&#8221; global_colors_info=&#8221;{}&#8221;]<\/p>\n<div><\/div>\n<div>\n<h2 data-pm-slice=\"1 1 []\" data-en-clipboard=\"true\" style=\"text-align: left;\"><span style=\"color: #333333;\"><strong>Nuestra Misi\u00f3n<\/strong><\/span><\/h2>\n<div data-pm-slice=\"1 1 []\" data-en-clipboard=\"true\">\n<ul>\n<li>Entregar a nuestros clientes experiencias vivas en contacto directo tanto con la naturaleza como con personajes locales relevantes<\/li>\n<li>Transmitir lo que caracteriza a la Provincia del Huasco de mar a cordillera involucrando en los tours proveedores locales y gu\u00edas de sitio<\/li>\n<li>Respetar el entorno natural, cultural y la comunidad local.<\/li>\n<li>Poner \u00e9nfasis en una atenci\u00f3n familiar y personalizada trabajando principalmente con grupos chicos<\/li>\n<li>Poner en valor las riquezas naturales, culturales y culinarias de la Provincia del Huasco<\/li>\n<\/ul>\n<\/div>\n<\/div>\n<p>[\/et_pb_text][\/et_pb_column][et_pb_column type=&#8221;1_2&#8243; _builder_version=&#8221;4.16&#8243; custom_padding=&#8221;|||&#8221; global_colors_info=&#8221;{}&#8221; custom_padding__hover=&#8221;|||&#8221;][\/et_pb_column][\/et_pb_row][\/et_pb_section][et_pb_section fb_built=&#8221;1&#8243; _builder_version=&#8221;4.16&#8243; _module_preset=&#8221;default&#8221; global_colors_info=&#8221;{}&#8221;][et_pb_row column_structure=&#8221;1_2,1_2&#8243; _builder_version=&#8221;4.16&#8243; _module_preset=&#8221;default&#8221; global_colors_info=&#8221;{}&#8221;][et_pb_column type=&#8221;1_2&#8243; _builder_version=&#8221;4.16&#8243; _module_preset=&#8221;default&#8221; global_colors_info=&#8221;{}&#8221;][et_pb_text admin_label=&#8221;Title&#8221; _builder_version=&#8221;4.16&#8243; text_font=&#8221;||||&#8221; text_text_color=&#8221;#1a1a1a&#8221; header_font=&#8221;Oswald|on||on|&#8221; header_text_align=&#8221;left&#8221; header_font_size=&#8221;60px&#8221; header_line_height=&#8221;1.3em&#8221; max_width=&#8221;450px&#8221; custom_margin=&#8221;|||&#8221; custom_padding=&#8221;||0px|||&#8221; animation_style=&#8221;slide&#8221; animation_direction=&#8221;top&#8221; animation_intensity_slide=&#8221;10%&#8221; locked=&#8221;off&#8221; global_colors_info=&#8221;{}&#8221;]<\/p>\n<h1>NUESTROS SERVICIOS<\/h1>\n<p>[\/et_pb_text][et_pb_divider color=&#8221;#8e1735&#8243; divider_position=&#8221;center&#8221; divider_weight=&#8221;3px&#8221; disabled_on=&#8221;on|on|off%22&#8243; _builder_version=&#8221;4.16&#8243; max_width=&#8221;150px&#8221; height=&#8221;false&#8221; custom_margin=&#8221;22px|||||&#8221; animation_style=&#8221;slide&#8221; animation_direction=&#8221;top&#8221; animation_delay=&#8221;100ms&#8221; animation_intensity_slide=&#8221;10%&#8221; locked=&#8221;off&#8221; global_colors_info=&#8221;{}&#8221;][\/et_pb_divider][\/et_pb_column][et_pb_column type=&#8221;1_2&#8243; _builder_version=&#8221;4.16&#8243; _module_preset=&#8221;default&#8221; global_colors_info=&#8221;{}&#8221;][et_pb_text admin_label=&#8221;Title&#8221; _builder_version=&#8221;4.16&#8243; text_font=&#8221;||||&#8221; text_text_color=&#8221;#1a1a1a&#8221; header_font=&#8221;Oswald|on||on|&#8221; header_text_align=&#8221;left&#8221; header_font_size=&#8221;60px&#8221; header_line_height=&#8221;1.3em&#8221; max_width=&#8221;450px&#8221; custom_margin=&#8221;|||&#8221; custom_padding=&#8221;|||&#8221; animation_style=&#8221;slide&#8221; animation_direction=&#8221;top&#8221; animation_intensity_slide=&#8221;10%&#8221; locked=&#8221;off&#8221; inline_fonts=&#8221;Roboto&#8221; global_colors_info=&#8221;{}&#8221;]<\/p>\n<ul>\n<li><span style=\"font-family: Roboto; font-weight: normal; color: rgba(26, 26, 26, 0.69);\"><strong><span style=\"font-size: small;\">SERVICIO DE GU\u00cdA DE TURISMO<\/span><\/strong><\/span><\/li>\n<li><span style=\"font-family: Roboto; font-weight: normal; color: rgba(26, 26, 26, 0.69);\"><strong><span style=\"font-size: small;\">TOURS + PROGRAMAS TUR\u00cdSTICOS LOCALES<\/span><span style=\"font-size: small;\"><\/span><\/strong><\/span><\/li>\n<li><span style=\"font-family: Roboto; font-weight: normal; color: rgba(26, 26, 26, 0.69);\"><strong><span style=\"font-size: small;\">TREKKING<\/span><\/strong><\/span><\/li>\n<li><span style=\"font-family: Roboto; font-weight: normal; color: rgba(26, 26, 26, 0.69);\"><strong><span style=\"font-size: small;\">TOURS EN BICICLETA<\/span><\/strong><\/span><\/li>\n<li><span style=\"font-family: Roboto; font-weight: normal; color: rgba(26, 26, 26, 0.69);\"><strong><span style=\"font-size: small;\">PEDAGOG\u00cdA EXPERIENCIAL<\/span><\/strong><\/span><\/li>\n<li><span style=\"font-family: Roboto; font-weight: normal; color: rgba(26, 26, 26, 0.69);\"><strong><span style=\"font-size: small;\">ARRIENDO DE EQUIPAMIENTO OUTODOOR Y BICICLETAS<\/span><\/strong><\/span><\/li>\n<li><span style=\"font-family: Roboto; font-weight: normal; color: rgba(26, 26, 26, 0.69);\"><strong><span style=\"font-size: small;\">VENTA DE JOYAS ETNICAS DEL TALLER IV\u00c1N TORRES<\/span><\/strong><\/span><\/li>\n<\/ul>\n<p>[\/et_pb_text][\/et_pb_column][\/et_pb_row][\/et_pb_section][et_pb_section fb_built=&#8221;1&#8243; _builder_version=&#8221;4.18.0&#8243; _module_preset=&#8221;default&#8221; background_color=&#8221;#FFFFFF&#8221; top_divider_color=&#8221;#565656&#8243; locked=&#8221;off&#8221; global_colors_info=&#8221;{}&#8221;][et_pb_row _builder_version=&#8221;4.18.0&#8243; global_colors_info=&#8221;{}&#8221;][et_pb_column type=&#8221;4_4&#8243; _builder_version=&#8221;4.16&#8243; custom_padding=&#8221;|||&#8221; global_colors_info=&#8221;{}&#8221; custom_padding__hover=&#8221;|||&#8221;][et_pb_text admin_label=&#8221;Top Destination Title&#8221; _builder_version=&#8221;4.18.0&#8243; text_font=&#8221;||||&#8221; text_text_color=&#8221;#1a1a1a&#8221; header_font=&#8221;Oswald|on||on|&#8221; header_text_align=&#8221;left&#8221; header_font_size=&#8221;43px&#8221; header_line_height=&#8221;1.3em&#8221; custom_margin=&#8221;||14px|||&#8221; custom_padding=&#8221;|||&#8221; animation_style=&#8221;slide&#8221; animation_direction=&#8221;top&#8221; animation_intensity_slide=&#8221;10%&#8221; text_font_size_tablet=&#8221;&#8221; text_font_size_phone=&#8221;14px&#8221; text_font_size_last_edited=&#8221;on|phone&#8221; header_font_size_tablet=&#8221;43px&#8221; header_font_size_phone=&#8221;34px&#8221; header_font_size_last_edited=&#8221;on|phone&#8221; locked=&#8221;off&#8221; global_colors_info=&#8221;{}&#8221;]<\/p>\n<h1>nuestra pol\u00edtica de sustentabilidad<\/h1>\n<p>[\/et_pb_text][et_pb_divider color=&#8221;#8e1735&#8243; divider_position=&#8221;center&#8221; divider_weight=&#8221;3px&#8221; disabled_on=&#8221;off|off|off&#8221; _builder_version=&#8221;4.16&#8243; max_width=&#8221;150px&#8221; height=&#8221;false&#8221; animation_style=&#8221;slide&#8221; animation_direction=&#8221;top&#8221; animation_delay=&#8221;100ms&#8221; animation_intensity_slide=&#8221;10%&#8221; locked=&#8221;off&#8221; global_colors_info=&#8221;{}&#8221;][\/et_pb_divider][\/et_pb_column][\/et_pb_row][et_pb_row column_structure=&#8221;1_2,1_2&#8243; _builder_version=&#8221;4.18.0&#8243; _module_preset=&#8221;default&#8221; global_colors_info=&#8221;{}&#8221;][et_pb_column type=&#8221;1_2&#8243; _builder_version=&#8221;4.18.0&#8243; _module_preset=&#8221;default&#8221; global_colors_info=&#8221;{}&#8221;][et_pb_image src=&#8221;https:\/\/ivechile.com\/wp-content\/uploads\/2022\/09\/ESCNNA-Sello1.png&#8221; title_text=&#8221;ESCNNA Sello1&#8243; align=&#8221;center&#8221; _builder_version=&#8221;4.18.0&#8243; _module_preset=&#8221;default&#8221; global_colors_info=&#8221;{}&#8221;][\/et_pb_image][et_pb_image src=&#8221;https:\/\/ivechile.com\/wp-content\/uploads\/2022\/11\/1.-Sello-S-_-Horizontal_300.jpg&#8221; title_text=&#8221;SELLO TURISMO SUSTENTABLE (01)&#8221; _builder_version=&#8221;4.19.0&#8243; _module_preset=&#8221;default&#8221; global_colors_info=&#8221;{}&#8221; disabled_on=&#8221;on|on|on&#8221; disabled=&#8221;on&#8221;][\/et_pb_image][\/et_pb_column][et_pb_column type=&#8221;1_2&#8243; _builder_version=&#8221;4.18.0&#8243; _module_preset=&#8221;default&#8221; global_colors_info=&#8221;{}&#8221;][et_pb_toggle title=&#8221;Nuestra Pol\u00edtica de Sustentabilidad&#8221; closed_toggle_background_color=&#8221;#FFFFFF&#8221; icon_color=&#8221;#0dd8a9&#8243; _builder_version=&#8221;4.18.0&#8243; _module_preset=&#8221;default&#8221; title_font=&#8221;|600|||||||&#8221; border_radii=&#8221;on|20px|20px|20px|20px&#8221; box_shadow_style=&#8221;preset3&#8243; global_colors_info=&#8221;{}&#8221;]<\/p>\n<p style=\"text-align: justify;\">Indian Valley Explorers &#8211;\u00a0 microempresa familiar y Tour Operador del Valle del Huasco nace el a\u00f1o 2012 basado en la convicci\u00f3n de sus creadores que este territorio tiene much\u00edsimas riquezas naturales y culturales \u2013 en parte \u00fanicas- que le proporcionan un gran potencial como destino tur\u00edstico y por tanto la oportunidad de un desarrollo econ\u00f3mico local, sostenible e independiente de mega-industrias, fundamentado en el micro y peque\u00f1o emprendimiento local y basado en lo autentico e identitario del lugar.<\/p>\n<p style=\"text-align: justify;\">Con la misi\u00f3n de aportar un grano de arena a dicho desarrollo hemos creado una oferta tur\u00edstica local que se basa en pr\u00e1cticas sustentables centradas en el cuidado del medio-ambiente as\u00ed como del \u00e1mbito sociocultural en el territorio.<\/p>\n<p style=\"text-align: justify;\">En pro de aquello declaramos:<\/p>\n<ul style=\"text-align: justify;\">\n<li>No apoyar ni fomentar el turismo de explotaci\u00f3n sexual y comercial de ni\u00f1os, ni\u00f1as, adolescentes y las personas en general, comprometi\u00e9ndonos y adhiri\u00e9ndonos al C\u00f3digo de Conducta para la prevenci\u00f3n de ESCNNA.<\/li>\n<li>A su vez, adoptamos el compromiso con los 10 principios del comercio justo y enfocamos nuestras acciones comerciales en torno a aquello.<\/li>\n<li>Fomentamos la No discriminaci\u00f3n de ning\u00fan tipo, otorgando el respeto que merecen las diversidades de g\u00e9nero, de nacionalidades y de pueblos originarios, generando relaciones con proveedores y clientes bajo estos principios.<\/li>\n<li>Para contribuir al turismo sustentable, buscamos constantemente capacitarnos en materias relativas a aquello, apoyar el respeto hacia las culturas, costumbres y biodiversidad propia del lugar donde realizamos nuestros tours, tomando medidas para minimizar los riesgos a la comunidad y la naturaleza.<\/li>\n<\/ul>\n<p style=\"text-align: justify;\">Estamos convencidos que es responsabilidad de todas y todos buscar y aplicar un manejo sustentable mediante nuestras acciones. Cada acci\u00f3n que realizamos trae consigo un impacto en la naturaleza y las sociedades. Debemos siempre estar conscientes de las consecuencias de nuestro actuar y hacernos cargo de \u00e9stas para disfrutar de nuestro planeta hoy y dejar que lo pueden disfrutar quienes vienen ma\u00f1ana.<\/p>\n<p>[\/et_pb_toggle][\/et_pb_column][\/et_pb_row][et_pb_row _builder_version=&#8221;4.18.0&#8243; _module_preset=&#8221;default&#8221; global_colors_info=&#8221;{}&#8221;][et_pb_column type=&#8221;4_4&#8243; _builder_version=&#8221;4.18.0&#8243; _module_preset=&#8221;default&#8221; global_colors_info=&#8221;{}&#8221;][et_pb_text admin_label=&#8221;Top Destination Title&#8221; _builder_version=&#8221;4.18.0&#8243; text_font=&#8221;||||&#8221; text_text_color=&#8221;#1a1a1a&#8221; header_font=&#8221;Oswald|on||on|&#8221; header_text_align=&#8221;left&#8221; header_font_size=&#8221;43px&#8221; header_line_height=&#8221;1.3em&#8221; custom_margin=&#8221;||14px|||&#8221; custom_padding=&#8221;|||&#8221; animation_style=&#8221;slide&#8221; animation_direction=&#8221;top&#8221; animation_intensity_slide=&#8221;10%&#8221; header_font_size_tablet=&#8221;43px&#8221; header_font_size_phone=&#8221;34px&#8221; header_font_size_last_edited=&#8221;on|phone&#8221; locked=&#8221;off&#8221; global_colors_info=&#8221;{}&#8221;]<\/p>\n<h1>Enlaces relacionados<\/h1>\n<p>[\/et_pb_text][et_pb_divider color=&#8221;#8e1735&#8243; divider_position=&#8221;center&#8221; divider_weight=&#8221;3px&#8221; disabled_on=&#8221;off|off|off&#8221; _builder_version=&#8221;4.16&#8243; max_width=&#8221;150px&#8221; height=&#8221;false&#8221; animation_style=&#8221;slide&#8221; animation_direction=&#8221;top&#8221; animation_delay=&#8221;100ms&#8221; animation_intensity_slide=&#8221;10%&#8221; locked=&#8221;off&#8221; global_colors_info=&#8221;{}&#8221;][\/et_pb_divider][et_pb_text _builder_version=&#8221;4.18.0&#8243; _module_preset=&#8221;default&#8221; global_colors_info=&#8221;{}&#8221;]<\/p>\n<ul>\n<li><a href=\"https:\/\/www.unwto.org\/es\/codigo-etico-mundial-para-el-turismo\" target=\"_blank\" rel=\"noopener\">C\u00f3digo \u00c9tico Mundial para el Turismo<\/a><\/li>\n<li><a href=\"https:\/\/lnt.org\/espanol\/siete-principios\/\" target=\"_blank\" rel=\"noopener\">Los siete principios No deje Rastro<\/a><\/li>\n<li>\n<p><a href=\"https:\/\/drive.google.com\/file\/d\/12NDLYQDqgujEk1-AfFHXpPj3aC-sN_Lf\/view?usp=sharing\">C\u00f3digo del turista responsable<\/a><\/p>\n<\/li>\n<li>\n<p><a href=\"https:\/\/drive.google.com\/file\/d\/1c-3q92w-ZXpONt7Uvu7I7LalQxNfdS_-\/view?usp=sharing\">Los 10 principios del comercio justo<\/a><\/p>\n<\/li>\n<\/ul>\n<p>[\/et_pb_text][\/et_pb_column][\/et_pb_row][\/et_pb_section]<\/p>\n","protected":false},"excerpt":{"rendered":"<p>NosotrosIndian Valley Explorers\u00a0 es un tour operador local en el Valle del Huasco &#8211; Regi\u00f3n Atacama Sur &#8211; Chile, creado el a\u00f1o 2012 por la pareja alemana-chilena Stefanie H\u00e4gele e Iv\u00e1n Torres.INDIAN VALLEY EXPLORERS Stefanie H\u00e4gele e Iv\u00e1n Torres, una fusi\u00f3n alemana-chilena \u201casentada\u201d de manera permanente en el Valle del Huasco, Regi\u00f3n de Atacama desde [&hellip;]<\/p>\n","protected":false},"author":1,"featured_media":0,"parent":0,"menu_order":0,"comment_status":"closed","ping_status":"closed","template":"","meta":{"nf_dc_page":"","_et_pb_use_builder":"on","_et_pb_old_content":"<!-- wp:divi\/placeholder \/-->","_et_gb_content_width":"","_joinchat":[],"footnotes":""},"class_list":["post-371","page","type-page","status-publish","hentry"],"_links":{"self":[{"href":"https:\/\/ivechile.com\/en\/wp-json\/wp\/v2\/pages\/371","targetHints":{"allow":["GET"]}}],"collection":[{"href":"https:\/\/ivechile.com\/en\/wp-json\/wp\/v2\/pages"}],"about":[{"href":"https:\/\/ivechile.com\/en\/wp-json\/wp\/v2\/types\/page"}],"author":[{"embeddable":true,"href":"https:\/\/ivechile.com\/en\/wp-json\/wp\/v2\/users\/1"}],"replies":[{"embeddable":true,"href":"https:\/\/ivechile.com\/en\/wp-json\/wp\/v2\/comments?post=371"}],"version-history":[{"count":5,"href":"https:\/\/ivechile.com\/en\/wp-json\/wp\/v2\/pages\/371\/revisions"}],"predecessor-version":[{"id":1391,"href":"https:\/\/ivechile.com\/en\/wp-json\/wp\/v2\/pages\/371\/revisions\/1391"}],"wp:attachment":[{"href":"https:\/\/ivechile.com\/en\/wp-json\/wp\/v2\/media?parent=371"}],"curies":[{"name":"wp","href":"https:\/\/api.w.org\/{rel}","templated":true}]}}