{"id":1189,"date":"2024-06-01T08:27:45","date_gmt":"2024-06-01T04:27:45","guid":{"rendered":"https:\/\/ivechile.com\/?page_id=1189"},"modified":"2025-05-10T21:32:43","modified_gmt":"2025-05-10T17:32:43","slug":"el-jilguero","status":"publish","type":"page","link":"https:\/\/ivechile.com\/en\/el-jilguero\/","title":{"rendered":"El-Jilguero"},"content":{"rendered":"<p>[et_pb_section fb_built=&#8221;1&#8243; fullwidth=&#8221;on&#8221; admin_label=&#8221;Hero Section&#8221; _builder_version=&#8221;4.16&#8243; background_color=&#8221;#233b4e&#8221; background_enable_image=&#8221;off&#8221; parallax=&#8221;on&#8221; custom_padding=&#8221;0px|0px|0px|0px&#8221; global_colors_info=&#8221;{}&#8221;][et_pb_fullwidth_header title=&#8221;Ciclotour El J\u00edlguero (Vallenar) &#8221; header_fullscreen=&#8221;on&#8221; background_overlay_color=&#8221;rgba(29,38,51,0.7)&#8221; content_max_width=&#8221;700px&#8221; admin_label=&#8221;Hero&#8221; _builder_version=&#8221;4.25.1&#8243; title_font=&#8221;Oswald|on||on|&#8221; title_font_size=&#8221;54px&#8221; title_line_height=&#8221;1.3em&#8221; content_font=&#8221;Roboto||||&#8221; content_font_size=&#8221;20px&#8221; background_color=&#8221;rgba(255, 255, 255, 0)&#8221; background_image=&#8221;https:\/\/ivechile.com\/wp-content\/uploads\/2024\/06\/El-Jilguero-2.png&#8221; custom_button_one=&#8221;on&#8221; button_one_border_radius=&#8221;0px&#8221; button_one_letter_spacing=&#8221;4px&#8221; button_one_font=&#8221;Oswald|on||on|&#8221; button_one_icon=&#8221;&#x24;||divi||400&#8243; button_one_icon_color=&#8221;#ffffff&#8221; animation_style=&#8221;zoom&#8221; animation_direction=&#8221;bottom&#8221; animation_intensity_zoom=&#8221;4%&#8221; button_one_text_color_hover=&#8221;#ffffff&#8221; button_one_border_color_hover=&#8221;#ffffff&#8221; button_one_border_radius_hover=&#8221;0px&#8221; button_one_letter_spacing_hover=&#8221;4px&#8221; button_one_bg_color_hover=&#8221;rgba(0,0,0,0)&#8221; global_colors_info=&#8221;{}&#8221; button_one_text_size__hover_enabled=&#8221;off&#8221; button_two_text_size__hover_enabled=&#8221;off&#8221; button_one_text_color__hover_enabled=&#8221;on&#8221; button_one_text_color__hover=&#8221;#ffffff&#8221; button_two_text_color__hover_enabled=&#8221;off&#8221; button_one_border_width__hover_enabled=&#8221;off&#8221; button_two_border_width__hover_enabled=&#8221;off&#8221; button_one_border_color__hover_enabled=&#8221;on&#8221; button_one_border_color__hover=&#8221;#ffffff&#8221; button_two_border_color__hover_enabled=&#8221;off&#8221; button_one_border_radius__hover_enabled=&#8221;on&#8221; button_one_border_radius__hover=&#8221;0px&#8221; button_two_border_radius__hover_enabled=&#8221;off&#8221; button_one_letter_spacing__hover_enabled=&#8221;on&#8221; button_one_letter_spacing__hover=&#8221;4px&#8221; button_two_letter_spacing__hover_enabled=&#8221;off&#8221; button_one_bg_color__hover_enabled=&#8221;on&#8221; button_one_bg_color__hover=&#8221;rgba(0,0,0,0)&#8221; button_two_bg_color__hover_enabled=&#8221;off&#8221;]<\/p>\n<div data-pm-slice=\"1 1 []\" data-en-clipboard=\"true\">\n<div data-pm-slice=\"1 1 []\" data-en-clipboard=\"true\"><span>Medio d\u00eda\u00a0 (2 \u2013 8 participantes) <\/span><\/div>\n<div data-pm-slice=\"1 1 []\" data-en-clipboard=\"true\"><span><span>Temporada: <\/span><\/span><span style=\"font-size: 20px;\">Posible durante todo el a\u00f1o<\/span><\/div>\n<\/div>\n<div><\/div>\n<p>[\/et_pb_fullwidth_header][\/et_pb_section][et_pb_section fb_built=&#8221;1&#8243; _builder_version=&#8221;4.16&#8243; background_color=&#8221;#FFFFFF&#8221; custom_padding=&#8221;110px||45px|||&#8221; global_colors_info=&#8221;{}&#8221;][et_pb_row column_structure=&#8221;1_2,1_2&#8243; _builder_version=&#8221;4.16&#8243; global_colors_info=&#8221;{}&#8221;][et_pb_column type=&#8221;1_2&#8243; _builder_version=&#8221;4.16&#8243; custom_padding=&#8221;|||&#8221; global_colors_info=&#8221;{}&#8221; custom_padding__hover=&#8221;|||&#8221;][et_pb_text admin_label=&#8221;Top Destination Title&#8221; _builder_version=&#8221;4.16&#8243; text_font=&#8221;||||&#8221; text_text_color=&#8221;#1a1a1a&#8221; header_font=&#8221;Oswald|on||on|&#8221; header_text_align=&#8221;left&#8221; header_font_size=&#8221;48px&#8221; header_line_height=&#8221;1.3em&#8221; custom_margin=&#8221;||1px|||&#8221; custom_padding=&#8221;|||&#8221; animation_style=&#8221;slide&#8221; animation_direction=&#8221;top&#8221; animation_intensity_slide=&#8221;10%&#8221; locked=&#8221;off&#8221; global_colors_info=&#8221;{}&#8221;]<\/p>\n<h1><strong>Ciclotour El J\u00edlguero<\/strong><\/h1>\n<p>[\/et_pb_text][et_pb_divider color=&#8221;#8e1735&#8243; divider_position=&#8221;center&#8221; divider_weight=&#8221;3px&#8221; disabled_on=&#8221;off|off|off&#8221; _builder_version=&#8221;4.16&#8243; max_width=&#8221;150px&#8221; height=&#8221;false&#8221; animation_style=&#8221;slide&#8221; animation_direction=&#8221;top&#8221; animation_delay=&#8221;100ms&#8221; animation_intensity_slide=&#8221;10%&#8221; locked=&#8221;off&#8221; global_colors_info=&#8221;{}&#8221;][\/et_pb_divider][et_pb_text admin_label=&#8221;Top Destination Sub Title&#8221; _builder_version=&#8221;4.16&#8243; text_font=&#8221;Roboto||||&#8221; text_text_color=&#8221;#333333&#8243; text_font_size=&#8221;24px&#8221; text_line_height=&#8221;1.4em&#8221; custom_margin=&#8221;-16px|||||&#8221; custom_padding=&#8221;1px|||||&#8221; animation_style=&#8221;slide&#8221; animation_direction=&#8221;top&#8221; animation_delay=&#8221;200ms&#8221; animation_intensity_slide=&#8221;10%&#8221; locked=&#8221;off&#8221; global_colors_info=&#8221;{}&#8221;]<\/p>\n<div data-pm-slice=\"1 1 []\" data-en-clipboard=\"true\">\n<p>\u00a0<b style=\"font-size: 24px;\"><u>Duraci\u00f3n:<\/u> \u00a0<\/b><span style=\"font-size: 24px;\">Medio d\u00eda\u00a0<\/span><\/p>\n<\/div>\n<p>[\/et_pb_text][et_pb_image src=&#8221;https:\/\/ivechile.com\/wp-content\/uploads\/2024\/06\/El-Jilguero33.png&#8221; title_text=&#8221;El J\u00edlguero33&#8243; disabled_on=&#8221;on|on|off&#8221; _builder_version=&#8221;4.25.1&#8243; _module_preset=&#8221;default&#8221; global_colors_info=&#8221;{}&#8221;][\/et_pb_image][\/et_pb_column][et_pb_column type=&#8221;1_2&#8243; _builder_version=&#8221;4.16&#8243; custom_padding=&#8221;|||&#8221; global_colors_info=&#8221;{}&#8221; custom_padding__hover=&#8221;|||&#8221;][et_pb_accordion open_toggle_text_color=&#8221;#333333&#8243; open_toggle_background_color=&#8221;#FFFFFF&#8221; closed_toggle_background_color=&#8221;#FFFFFF&#8221; _builder_version=&#8221;4.25.1&#8243; _module_preset=&#8221;default&#8221; toggle_font=&#8221;Roboto|700|||||||&#8221; border_radii=&#8221;on|16px|16px|16px|16px&#8221; box_shadow_style=&#8221;preset3&#8243; global_colors_info=&#8221;{}&#8221;][et_pb_accordion_item title=&#8221;Ciclotour El J\u00edlguero &#8221; _builder_version=&#8221;4.16&#8243; _module_preset=&#8221;default&#8221; global_colors_info=&#8221;{}&#8221; open=&#8221;on&#8221;]<\/p>\n<div data-pm-slice=\"1 1 []\" data-en-clipboard=\"true\">\n<p>En este bicitour pedaleamos a lo largo del humedal urbano de Vallenar \u2013 lugar de entretenci\u00f3n y relajaci\u00f3n para los habitantes de la ciudad, pero adem\u00e1s h\u00e1bitat de una gran diversidad de flora y fauna &#8211; sobre todo de variadas aves. En este tramo tambi\u00e9n encontramos antiguos vestigios de la pasada actividad minera de la zona. Una vez dejando atr\u00e1s el radio urbano, tomamos una ruta valle adentro por donde antiguamente corr\u00eda el tren el cual igualmente transportaba minerales. En este sector llamado El J\u00edlguero tenemos preciosas vistas por el R\u00edo Huasco que corre por medio de los cerros des\u00e9rticos.<\/p>\n<p>Visitamos un lugar cuya existencia realmente sorprende en el entorno donde est\u00e1 inserto. Nos dejamos encantar por una abundante vegetaci\u00f3n de helechos, <span style=\"font-size: 14px;\">musgos y cortaderas que rodea un antiguo puente de piedra construido entre las rocas. Aqu\u00ed disfrutamos del silencio que nos permite escuchar s\u00f3lo el ag\u00fcita y los <\/span><span style=\"font-size: 14px;\">p\u00e1jaros. Antes de volver a Vallenar damos una vuelta por El Imperial &#8211; sector rural en las afueras de la ciudad<\/span><\/p>\n<\/div>\n<p>[\/et_pb_accordion_item][et_pb_accordion_item title=&#8221;Informaci\u00f3n General&#8221; _builder_version=&#8221;4.16&#8243; _module_preset=&#8221;default&#8221; global_colors_info=&#8221;{}&#8221; open=&#8221;off&#8221;]<\/p>\n<div data-pm-slice=\"1 1 []\" data-en-clipboard=\"true\"><b><span><u>Grado dificultad: <\/u><\/span><\/b>mediano\u00a0 \u00a0<\/div>\n<div><\/div>\n<div><b><span><u>Capacidad:<\/u><\/span> <\/b>2 &#8211; 8 participantes<\/div>\n<div><\/div>\n<div><b><span><u>Temporada:<\/u><\/span><span>\u00a0 \u00a0<\/span><\/b>Posible durante todo el a\u00f1o<\/div>\n<div><\/div>\n<div><b><span><u>Itinerario: <\/u><\/span><\/b>Vallenar \u2013 El J\u00edlguero \u2013 El Imperial \u2013 Vallenar<\/div>\n<p>[\/et_pb_accordion_item][et_pb_accordion_item title=&#8221;Debes Saber&#8221; _builder_version=&#8221;4.16&#8243; _module_preset=&#8221;default&#8221; global_colors_info=&#8221;{}&#8221; open=&#8221;off&#8221;]<\/p>\n<div data-pm-slice=\"1 1 []\" data-en-clipboard=\"true\">\n<p><span style=\"font-size: small;\"><span style=\"text-decoration: underline;\"><strong><\/strong><\/span><\/span><\/p>\n<p><span style=\"font-size: medium;\"><span style=\"text-decoration: underline;\"><strong>Tour incluye<\/strong><\/span>: Gu\u00eda certificado SERNATUR de habla espa\u00f1ol, charla introducci\u00f3n, bicicleta de monta\u00f1a, accesorios (casco, bomb\u00edn, kit arreglos b\u00e1sicos), snack, agua para beber, botiqu\u00edn.\u00a0<\/span><\/p>\n<div data-pm-slice=\"1 1 []\" data-en-clipboard=\"true\">\n<div><\/div>\n<div><span style=\"font-size: medium;\">Opcional (costo adicional):<\/span><\/div>\n<div><\/div>\n<ul>\n<li>\n<div><span style=\"font-size: medium;\">Gu\u00eda de habla ingl\u00e9s o alem\u00e1n<\/span><\/div>\n<\/li>\n<\/ul>\n<div><\/div>\n<div><span style=\"font-size: medium;\"><b><u>Tour NO incluye:<\/u><\/b> <\/span><\/div>\n<div><span style=\"font-size: medium;\">Seguros, otros alimentos que los mencionados, protecci\u00f3n solar<\/span><\/div>\n<div><span style=\"font-size: medium;\"><\/span><\/div>\n<div><span style=\"font-size: medium;\"><\/span><\/div>\n<div><span style=\"font-size: medium;\"><\/span><\/div>\n<div><span style=\"font-size: medium;\"><strong><\/strong><\/span><\/div>\n<div><span style=\"font-size: medium;\"><strong><\/strong><\/span><\/div>\n<div><span style=\"font-size: medium;\"><strong><\/strong><\/span><\/div>\n<div><span style=\"font-size: medium;\"><strong><\/strong><\/span><\/div>\n<div><span style=\"font-size: medium;\"><strong>Debes llevar:<\/strong><\/span><\/div>\n<div>\n<ul data-pm-slice=\"3 4 []\" data-en-clipboard=\"true\">\n<li><span style=\"font-size: medium;\">Ropa y zapatos c\u00f3modos y adecuados para andar en bicicleta<\/span><\/li>\n<li><span style=\"font-size: medium;\">Mochila chica<\/span><\/li>\n<li><span style=\"font-size: medium;\">Protecci\u00f3n solar como gorro, lentes, bloqueador<\/span><\/li>\n<\/ul>\n<div><span><\/span><\/div>\n<div><span><\/span><span style=\"font-size: small;\"><strong>Notas:<\/strong><\/span><\/div>\n<ul>\n<li style=\"list-style-type: none;\">\n<ul>\n<li><span style=\"font-size: small;\"><span style=\"font-size: small;\">Rango de edad permitida: 8 \u2013 65 a\u00f1os <\/span>(para ni\u00f1@s m\u00e1s peque\u00f1@s es posible arrendar un asiento de ni\u00f1@ para bici<\/span>\u00a0o un <span style=\"font-size: small;\">Happy Trailer apto para max. 40 kg).<\/span><\/li>\n<li>\n<div>\n<p><span style=\"font-size: small;\">Actividad no apta para mujeres embarazadas, personas con limitaci\u00f3n en su movilidad, personas con<\/span><span style=\"font-size: small;\">\u00a0problemas respiratorias o card\u00edacas, personas con problemas en sus rodillas.<\/span><\/p>\n<\/div>\n<\/li>\n<li>\n<div><span style=\"font-size: small;\">Cualquier restricci\u00f3n en la salud de un participante debe ser informada con antelaci\u00f3n.<\/span><\/div>\n<\/li>\n<li>\n<div><span style=\"font-size: small;\">Los participantes deben saber andar en bicicleta y ser capaces de acatar las instrucciones del gu\u00eda.<\/span><\/div>\n<\/li>\n<li>\n<div><span style=\"font-size: small;\">Cada participante debe llenar una ficha de inscripci\u00f3n y aceptaci\u00f3n de riesgos antes del inicio de la actividad<\/span><\/div>\n<\/li>\n<\/ul>\n<\/li>\n<\/ul>\n<\/div>\n<\/div>\n<\/div>\n<p>[\/et_pb_accordion_item][et_pb_accordion_item title=&#8221;Valores&#8221; open=&#8221;off&#8221; _builder_version=&#8221;4.16&#8243; _module_preset=&#8221;default&#8221; global_colors_info=&#8221;{}&#8221;]<\/p>\n<div data-pm-slice=\"1 1 []\" data-en-clipboard=\"true\">\n<div data-pm-slice=\"1 1 []\" data-en-clipboard=\"true\">\n<div><b><span>Valores por persona\u00a0 IVA incl.:<\/span><\/b><\/div>\n<ul data-pm-slice=\"3 3 []\" data-en-clipboard=\"true\">\n<li>2 participantes: $ 46.000<\/li>\n<li>3 participantes: $ 35.000<\/li>\n<li>4 &#8211; 8 participantes: $ $ 30.000<\/li>\n<li><em style=\"font-size: 14px;\"><b>\u00a1\u00a1\u00a1 Los servicios son sujeto a disponibilidad en el momento de la reserva !!!<\/b><\/em><\/li>\n<\/ul>\n<\/div>\n<div><span><\/span><\/div>\n<\/div>\n<p>[\/et_pb_accordion_item][\/et_pb_accordion][et_pb_button button_url=&#8221;https:\/\/wa.me\/56992830643?text=%C2%A1Hola!%20%F0%9F%98%8AMe%20gustar%C3%ADa%20reservar%20la%20actividad%20de%20%22Ciclotour%20El%20J%C3%ADlguero%22.%20%C2%BFPodr%C3%ADan%20darme%20m%C3%A1s%20informaci%C3%B3n%20sobre%20c%C3%B3mo%20puedo%20hacer%20la%20reserva?%C2%A1Gracias!&#8221; button_text=&#8221;RESERVAR&#8221; button_alignment=&#8221;left&#8221; _builder_version=&#8221;4.25.1&#8243; _module_preset=&#8221;default&#8221; custom_button=&#8221;on&#8221; button_text_color=&#8221;#FFFFFF&#8221; button_bg_color=&#8221;#8e1735&#8243; button_border_width=&#8221;0px&#8221; button_border_radius=&#8221;56px&#8221; button_font=&#8221;Roboto|700|||||||&#8221; global_colors_info=&#8221;{}&#8221;][\/et_pb_button][\/et_pb_column][\/et_pb_row][et_pb_row column_structure=&#8221;1_4,1_4,1_4,1_4&#8243; use_custom_gutter=&#8221;on&#8221; gutter_width=&#8221;1&#8243; make_equal=&#8221;on&#8221; admin_label=&#8221;Gallery&#8221; module_class=&#8221; et_pb_row_fullwidth&#8221; _builder_version=&#8221;4.16&#8243; width=&#8221;100%&#8221; width_tablet=&#8221;100%&#8221; width_phone=&#8221;&#8221; width_last_edited=&#8221;on|desktop&#8221; max_width=&#8221;100%&#8221; max_width_tablet=&#8221;100%&#8221; max_width_phone=&#8221;&#8221; max_width_last_edited=&#8221;on|desktop&#8221; custom_padding=&#8221;|||&#8221; make_fullwidth=&#8221;on&#8221; global_colors_info=&#8221;{}&#8221;][et_pb_column type=&#8221;1_4&#8243; _builder_version=&#8221;4.16&#8243; custom_padding=&#8221;|||&#8221; global_colors_info=&#8221;{}&#8221; custom_padding__hover=&#8221;|||&#8221;][et_pb_image src=&#8221;https:\/\/ivechile.com\/wp-content\/uploads\/2024\/06\/agua.png&#8221; title_text=&#8221;agua&#8221; show_in_lightbox=&#8221;on&#8221; force_fullwidth=&#8221;on&#8221; align_tablet=&#8221;center&#8221; align_phone=&#8221;&#8221; align_last_edited=&#8221;on|desktop&#8221; _builder_version=&#8221;4.25.1&#8243; animation_style=&#8221;zoom&#8221; animation_intensity_zoom=&#8221;10%&#8221; global_colors_info=&#8221;{}&#8221;][\/et_pb_image][\/et_pb_column][et_pb_column type=&#8221;1_4&#8243; _builder_version=&#8221;4.16&#8243; custom_padding=&#8221;|||&#8221; global_colors_info=&#8221;{}&#8221; custom_padding__hover=&#8221;|||&#8221;][et_pb_image src=&#8221;https:\/\/ivechile.com\/wp-content\/uploads\/2024\/06\/aves.png&#8221; title_text=&#8221;aves&#8221; show_in_lightbox=&#8221;on&#8221; force_fullwidth=&#8221;on&#8221; align_tablet=&#8221;center&#8221; align_phone=&#8221;&#8221; align_last_edited=&#8221;on|desktop&#8221; _builder_version=&#8221;4.25.1&#8243; animation_style=&#8221;zoom&#8221; animation_delay=&#8221;100ms&#8221; animation_intensity_zoom=&#8221;10%&#8221; locked=&#8221;off&#8221; global_colors_info=&#8221;{}&#8221;][\/et_pb_image][\/et_pb_column][et_pb_column type=&#8221;1_4&#8243; _builder_version=&#8221;4.16&#8243; custom_padding=&#8221;|||&#8221; global_colors_info=&#8221;{}&#8221; custom_padding__hover=&#8221;|||&#8221;][et_pb_image src=&#8221;https:\/\/ivechile.com\/wp-content\/uploads\/2025\/05\/El-Jilguero-1.jpg&#8221; title_text=&#8221;El Jilguero (1)&#8221; show_in_lightbox=&#8221;on&#8221; force_fullwidth=&#8221;on&#8221; align_tablet=&#8221;center&#8221; align_phone=&#8221;&#8221; align_last_edited=&#8221;on|desktop&#8221; _builder_version=&#8221;4.27.4&#8243; animation_style=&#8221;zoom&#8221; animation_delay=&#8221;200ms&#8221; animation_intensity_zoom=&#8221;10%&#8221; hover_enabled=&#8221;0&#8243; locked=&#8221;off&#8221; global_colors_info=&#8221;{}&#8221; sticky_enabled=&#8221;0&#8243;][\/et_pb_image][\/et_pb_column][et_pb_column type=&#8221;1_4&#8243; _builder_version=&#8221;4.16&#8243; custom_padding=&#8221;|||&#8221; global_colors_info=&#8221;{}&#8221; custom_padding__hover=&#8221;|||&#8221;][et_pb_image src=&#8221;https:\/\/ivechile.com\/wp-content\/uploads\/2024\/06\/Paisajes.png&#8221; title_text=&#8221;Paisajes&#8221; show_in_lightbox=&#8221;on&#8221; force_fullwidth=&#8221;on&#8221; align_tablet=&#8221;center&#8221; align_phone=&#8221;&#8221; align_last_edited=&#8221;on|desktop&#8221; _builder_version=&#8221;4.25.1&#8243; animation_style=&#8221;zoom&#8221; animation_delay=&#8221;300ms&#8221; animation_intensity_zoom=&#8221;10%&#8221; locked=&#8221;off&#8221; global_colors_info=&#8221;{}&#8221;][\/et_pb_image][\/et_pb_column][\/et_pb_row][\/et_pb_section][et_pb_section fb_built=&#8221;1&#8243; _builder_version=&#8221;4.16&#8243; custom_padding=&#8221;2px||14px|||&#8221; global_colors_info=&#8221;{}&#8221;][et_pb_row _builder_version=&#8221;4.16&#8243; _module_preset=&#8221;default&#8221; global_colors_info=&#8221;{}&#8221;][et_pb_column type=&#8221;4_4&#8243; _builder_version=&#8221;4.16&#8243; _module_preset=&#8221;default&#8221; global_colors_info=&#8221;{}&#8221;][et_pb_button button_url=&#8221;https:\/\/ivechile.com\/actividades\/&#8221; button_text=&#8221;VOLVER A ACTIVIDADES&#8221; button_alignment=&#8221;center&#8221; _builder_version=&#8221;4.16&#8243; _module_preset=&#8221;default&#8221; custom_button=&#8221;on&#8221; button_text_color=&#8221;#FFFFFF&#8221; button_bg_color=&#8221;#8e1735&#8243; button_border_width=&#8221;0px&#8221; button_border_radius=&#8221;56px&#8221; button_font=&#8221;Roboto|700|||||||&#8221; global_colors_info=&#8221;{}&#8221;][\/et_pb_button][\/et_pb_column][\/et_pb_row][\/et_pb_section]<\/p>\n","protected":false},"excerpt":{"rendered":"<p>Medio d\u00eda\u00a0 (2 \u2013 8 participantes) Temporada: Posible durante todo el a\u00f1o Ciclotour El J\u00edlguero \u00a0Duraci\u00f3n: \u00a0Medio d\u00eda\u00a0 En este bicitour pedaleamos a lo largo del humedal urbano de Vallenar \u2013 lugar de entretenci\u00f3n y relajaci\u00f3n para los habitantes de la ciudad, pero adem\u00e1s h\u00e1bitat de una gran diversidad de flora y fauna &#8211; sobre [&hellip;]<\/p>\n","protected":false},"author":2,"featured_media":0,"parent":0,"menu_order":0,"comment_status":"closed","ping_status":"closed","template":"","meta":{"nf_dc_page":"","_et_pb_use_builder":"on","_et_pb_old_content":"","_et_gb_content_width":"","_joinchat":[],"footnotes":""},"class_list":["post-1189","page","type-page","status-publish","hentry"],"_links":{"self":[{"href":"https:\/\/ivechile.com\/en\/wp-json\/wp\/v2\/pages\/1189","targetHints":{"allow":["GET"]}}],"collection":[{"href":"https:\/\/ivechile.com\/en\/wp-json\/wp\/v2\/pages"}],"about":[{"href":"https:\/\/ivechile.com\/en\/wp-json\/wp\/v2\/types\/page"}],"author":[{"embeddable":true,"href":"https:\/\/ivechile.com\/en\/wp-json\/wp\/v2\/users\/2"}],"replies":[{"embeddable":true,"href":"https:\/\/ivechile.com\/en\/wp-json\/wp\/v2\/comments?post=1189"}],"version-history":[{"count":5,"href":"https:\/\/ivechile.com\/en\/wp-json\/wp\/v2\/pages\/1189\/revisions"}],"predecessor-version":[{"id":1394,"href":"https:\/\/ivechile.com\/en\/wp-json\/wp\/v2\/pages\/1189\/revisions\/1394"}],"wp:attachment":[{"href":"https:\/\/ivechile.com\/en\/wp-json\/wp\/v2\/media?parent=1189"}],"curies":[{"name":"wp","href":"https:\/\/api.w.org\/{rel}","templated":true}]}}